{"id":2457,"date":"2024-12-09T19:11:32","date_gmt":"2024-12-09T19:11:32","guid":{"rendered":"https:\/\/evolutioncg.net\/?page_id=2457"},"modified":"2025-01-27T22:32:12","modified_gmt":"2025-01-27T22:32:12","slug":"unidades-de-negocio","status":"publish","type":"page","link":"https:\/\/evolutioncg.net\/en\/unidades-de-negocio\/","title":{"rendered":"BUSINESS UNITS"},"content":{"rendered":"<div data-elementor-type=\"wp-page\" data-elementor-id=\"2457\" class=\"elementor elementor-2457\" data-elementor-post-type=\"page\">\n\t\t\t\t\t\t<section class=\"elementor-section elementor-top-section elementor-element elementor-element-8efdae0 elementor-section-boxed elementor-section-height-default elementor-section-height-default\" data-id=\"8efdae0\" data-element_type=\"section\" data-e-type=\"section\">\n\t\t\t\t\t\t<div class=\"elementor-container elementor-column-gap-default\">\n\t\t\t\t\t<div class=\"elementor-column elementor-col-100 elementor-top-column elementor-element elementor-element-2836e9b\" data-id=\"2836e9b\" data-element_type=\"column\" data-e-type=\"column\">\n\t\t\t<div class=\"elementor-widget-wrap elementor-element-populated\">\n\t\t\t\t\t\t<div class=\"elementor-element elementor-element-d71bddb elementor-widget elementor-widget-spacer\" data-id=\"d71bddb\" data-element_type=\"widget\" data-e-type=\"widget\" data-widget_type=\"spacer.default\">\n\t\t\t\t<div class=\"elementor-widget-container\">\n\t\t\t\t\t\t\t<div class=\"elementor-spacer\">\n\t\t\t<div class=\"elementor-spacer-inner\"><\/div>\n\t\t<\/div>\n\t\t\t\t\t\t<\/div>\n\t\t\t\t<\/div>\n\t\t\t\t<div class=\"elementor-element elementor-element-f4ccc00 elementor-widget elementor-widget-tx_service_slide elh-el tx_service_slide\" data-id=\"f4ccc00\" data-element_type=\"widget\" data-e-type=\"widget\" data-settings=\"{&quot;design_style&quot;:&quot;style_3&quot;}\" data-widget_type=\"tx_service_slide.default\">\n\t\t\t\t<div class=\"elementor-widget-container\">\n\t\t\t\t\t<div class=\"txa-services-3-slider\">\r\n    <div class=\"swiper-container txa-s3-active fix\">\r\n        <div class=\"swiper-wrapper\">\r\n\r\n                        <div class=\"swiper-slide\">\r\n                <div class=\"txa-services-3-item\">\r\n                                        <div class=\"icon\">\r\n                        <i aria-hidden=\"true\" class=\"flaticon-life-insurance\"><\/i>                    <\/div>\r\n                    \r\n                                        <h3 class=\"txa-heading-3 title\">\r\n                        <a aria-label=\"services button\" href=\"https:\/\/evolutioncg.net\/en\/better-business\/\"\r\n                            target=\"_self\"\r\n                            rel=\"\">\r\n                            EVOLUTION BETTER BUSINESS                        <\/a>\r\n                    <\/h3>\r\n                    \r\n                                        <p class=\"txa-para-3 disc\">Strategic advisory, business consulting, and project management.<\/p>\r\n                                    <\/div>\r\n            <\/div>\r\n                        <div class=\"swiper-slide\">\r\n                <div class=\"txa-services-3-item\">\r\n                                        <div class=\"icon\">\r\n                        <i aria-hidden=\"true\" class=\"flaticon-discussion\"><\/i>                    <\/div>\r\n                    \r\n                                        <h3 class=\"txa-heading-3 title\">\r\n                        <a aria-label=\"services button\" href=\"https:\/\/evolutioncg.net\/en\/services1\/\"\r\n                            target=\"_self\"\r\n                            rel=\"\">\r\n                            EVOLUTION SERVICES                        <\/a>\r\n                    <\/h3>\r\n                    \r\n                                        <p class=\"txa-para-3 disc\">Outsourced service management.<\/p>\r\n                                    <\/div>\r\n            <\/div>\r\n                        <div class=\"swiper-slide\">\r\n                <div class=\"txa-services-3-item\">\r\n                                        <div class=\"icon\">\r\n                        <i aria-hidden=\"true\" class=\"flaticon-design-process\"><\/i>                    <\/div>\r\n                    \r\n                                        <h3 class=\"txa-heading-3 title\">\r\n                        <a aria-label=\"services button\" href=\"https:\/\/evolutioncg.net\/en\/tools\/\"\r\n                            target=\"_self\"\r\n                            rel=\"\">\r\n                            EVOLUTION TOOLS                        <\/a>\r\n                    <\/h3>\r\n                    \r\n                                        <p class=\"txa-para-3 disc\">Agile and technological tools.<\/p>\r\n                                    <\/div>\r\n            <\/div>\r\n                        <div class=\"swiper-slide\">\r\n                <div class=\"txa-services-3-item\">\r\n                                        <div class=\"icon\">\r\n                        <i aria-hidden=\"true\" class=\"flaticon-targeted\"><\/i>                    <\/div>\r\n                    \r\n                                        <h3 class=\"txa-heading-3 title\">\r\n                        <a aria-label=\"services button\" href=\"https:\/\/evolutioncg.net\/en\/learning-center\/\"\r\n                            target=\"_self\"\r\n                            rel=\"\">\r\n                            EVOLUTION LEARNING CENTER                        <\/a>\r\n                    <\/h3>\r\n                    \r\n                                        <p class=\"txa-para-3 disc\">Knowledge and learning within your reach.<\/p>\r\n                                    <\/div>\r\n            <\/div>\r\n                        <div class=\"swiper-slide\">\r\n                <div class=\"txa-services-3-item\">\r\n                                        <div class=\"icon\">\r\n                        <i aria-hidden=\"true\" class=\"flaticon-targeted\"><\/i>                    <\/div>\r\n                    \r\n                                        <h3 class=\"txa-heading-3 title\">\r\n                        <a aria-label=\"services button\" href=\"https:\/\/evolutioncg.net\/en\/people\/\"\r\n                            target=\"_self\"\r\n                            rel=\"\">\r\n                            EVOLUTION PEOPLE                        <\/a>\r\n                    <\/h3>\r\n                    \r\n                                        <p class=\"txa-para-3 disc\">Strategic solutions for human talent development. <\/p>\r\n                                    <\/div>\r\n            <\/div>\r\n                    <\/div>\r\n\r\n                <div class=\"txa-services-3-slider-btn\">\r\n            <div class=\"btn-postion-1\">\r\n                <div class=\"txa_s3_prev\">\r\n                    <i class=\"fas fa-long-arrow-alt-left\"><\/i>\r\n                <\/div>\r\n            <\/div>\r\n            <div class=\"btn-position-2\">\r\n                <div class=\"txa_s3_next\">\r\n                    <i class=\"fas fa-long-arrow-alt-right\"><\/i>\r\n                <\/div>\r\n            <\/div>\r\n        <\/div>\r\n        \r\n    <\/div>\r\n<\/div>\t\t\t\t<\/div>\n\t\t\t\t<\/div>\n\t\t\t\t\t<\/div>\n\t\t<\/div>\n\t\t\t\t\t<\/div>\n\t\t<\/section>\n\t\t\t\t<\/div>","protected":false},"excerpt":{"rendered":"<p>EVOLUTION BETTER BUSINESS Asesor\u00eda estrat\u00e9gica, consultor\u00eda empresarial y gesti\u00f3n de proyectos. EVOLUTION SERVICES Gesti\u00f3n de servicios tercerizados. EVOLUTION TOOLS Herramientas tecnol\u00f3gicas y \u00e1giles. EVOLUTION LEARNING CENTER Conocimientos y aprendizaje a tu alcance. EVOLUTION PEOPLE Soluciones estrat\u00e9gicas para el desarrollo del talento humano.<\/p>","protected":false},"author":1,"featured_media":0,"parent":0,"menu_order":0,"comment_status":"closed","ping_status":"closed","template":"","meta":{"footnotes":""},"class_list":["post-2457","page","type-page","status-publish","hentry"],"yoast_head":"<!-- This site is optimized with the Yoast SEO Premium plugin v23.7 (Yoast SEO v27.4) - https:\/\/yoast.com\/product\/yoast-seo-premium-wordpress\/ -->\n<title>UNIDADES DE NEGOCIO - Evolution CG<\/title>\n<meta name=\"robots\" content=\"index, follow, max-snippet:-1, max-image-preview:large, max-video-preview:-1\" \/>\n<link rel=\"canonical\" href=\"https:\/\/evolutioncg.net\/en\/unidades-de-negocio\/\" \/>\n<meta property=\"og:locale\" content=\"en_US\" \/>\n<meta property=\"og:type\" content=\"article\" \/>\n<meta property=\"og:title\" content=\"UNIDADES DE NEGOCIO\" \/>\n<meta property=\"og:description\" content=\"EVOLUTION BETTER BUSINESS Asesor\u00eda estrat\u00e9gica, consultor\u00eda empresarial y gesti\u00f3n de proyectos. EVOLUTION SERVICES Gesti\u00f3n de servicios tercerizados. EVOLUTION TOOLS Herramientas tecnol\u00f3gicas y \u00e1giles. EVOLUTION LEARNING CENTER Conocimientos y aprendizaje a tu alcance. EVOLUTION PEOPLE Soluciones estrat\u00e9gicas para el desarrollo del talento humano.\" \/>\n<meta property=\"og:url\" content=\"https:\/\/evolutioncg.net\/en\/unidades-de-negocio\/\" \/>\n<meta property=\"og:site_name\" content=\"Evolution CG\" \/>\n<meta property=\"article:modified_time\" content=\"2025-01-27T22:32:12+00:00\" \/>\n<meta name=\"twitter:card\" content=\"summary_large_image\" \/>\n<meta name=\"twitter:label1\" content=\"Est. reading time\" \/>\n\t<meta name=\"twitter:data1\" content=\"1 minute\" \/>\n<script type=\"application\/ld+json\" class=\"yoast-schema-graph\">{\"@context\":\"https:\\\/\\\/schema.org\",\"@graph\":[{\"@type\":\"WebPage\",\"@id\":\"https:\\\/\\\/evolutioncg.net\\\/unidades-de-negocio\\\/\",\"url\":\"https:\\\/\\\/evolutioncg.net\\\/unidades-de-negocio\\\/\",\"name\":\"UNIDADES DE NEGOCIO - Evolution CG\",\"isPartOf\":{\"@id\":\"https:\\\/\\\/evolutioncg.net\\\/#website\"},\"datePublished\":\"2024-12-09T19:11:32+00:00\",\"dateModified\":\"2025-01-27T22:32:12+00:00\",\"breadcrumb\":{\"@id\":\"https:\\\/\\\/evolutioncg.net\\\/unidades-de-negocio\\\/#breadcrumb\"},\"inLanguage\":\"en-US\",\"potentialAction\":[{\"@type\":\"ReadAction\",\"target\":[\"https:\\\/\\\/evolutioncg.net\\\/unidades-de-negocio\\\/\"]}]},{\"@type\":\"BreadcrumbList\",\"@id\":\"https:\\\/\\\/evolutioncg.net\\\/unidades-de-negocio\\\/#breadcrumb\",\"itemListElement\":[{\"@type\":\"ListItem\",\"position\":1,\"name\":\"Home\",\"item\":\"https:\\\/\\\/evolutioncg.net\\\/\"},{\"@type\":\"ListItem\",\"position\":2,\"name\":\"UNIDADES DE NEGOCIO\"}]},{\"@type\":\"WebSite\",\"@id\":\"https:\\\/\\\/evolutioncg.net\\\/#website\",\"url\":\"https:\\\/\\\/evolutioncg.net\\\/\",\"name\":\"Evolution CG\",\"description\":\"\",\"potentialAction\":[{\"@type\":\"SearchAction\",\"target\":{\"@type\":\"EntryPoint\",\"urlTemplate\":\"https:\\\/\\\/evolutioncg.net\\\/?s={search_term_string}\"},\"query-input\":{\"@type\":\"PropertyValueSpecification\",\"valueRequired\":true,\"valueName\":\"search_term_string\"}}],\"inLanguage\":\"en-US\"}]}<\/script>\n<!-- \/ Yoast SEO Premium plugin. -->","yoast_head_json":{"title":"UNIDADES DE NEGOCIO - Evolution CG","robots":{"index":"index","follow":"follow","max-snippet":"max-snippet:-1","max-image-preview":"max-image-preview:large","max-video-preview":"max-video-preview:-1"},"canonical":"https:\/\/evolutioncg.net\/en\/unidades-de-negocio\/","og_locale":"en_US","og_type":"article","og_title":"UNIDADES DE NEGOCIO","og_description":"EVOLUTION BETTER BUSINESS Asesor\u00eda estrat\u00e9gica, consultor\u00eda empresarial y gesti\u00f3n de proyectos. EVOLUTION SERVICES Gesti\u00f3n de servicios tercerizados. EVOLUTION TOOLS Herramientas tecnol\u00f3gicas y \u00e1giles. EVOLUTION LEARNING CENTER Conocimientos y aprendizaje a tu alcance. EVOLUTION PEOPLE Soluciones estrat\u00e9gicas para el desarrollo del talento humano.","og_url":"https:\/\/evolutioncg.net\/en\/unidades-de-negocio\/","og_site_name":"Evolution CG","article_modified_time":"2025-01-27T22:32:12+00:00","twitter_card":"summary_large_image","twitter_misc":{"Est. reading time":"1 minute"},"schema":{"@context":"https:\/\/schema.org","@graph":[{"@type":"WebPage","@id":"https:\/\/evolutioncg.net\/unidades-de-negocio\/","url":"https:\/\/evolutioncg.net\/unidades-de-negocio\/","name":"UNIDADES DE NEGOCIO - Evolution CG","isPartOf":{"@id":"https:\/\/evolutioncg.net\/#website"},"datePublished":"2024-12-09T19:11:32+00:00","dateModified":"2025-01-27T22:32:12+00:00","breadcrumb":{"@id":"https:\/\/evolutioncg.net\/unidades-de-negocio\/#breadcrumb"},"inLanguage":"en-US","potentialAction":[{"@type":"ReadAction","target":["https:\/\/evolutioncg.net\/unidades-de-negocio\/"]}]},{"@type":"BreadcrumbList","@id":"https:\/\/evolutioncg.net\/unidades-de-negocio\/#breadcrumb","itemListElement":[{"@type":"ListItem","position":1,"name":"Home","item":"https:\/\/evolutioncg.net\/"},{"@type":"ListItem","position":2,"name":"UNIDADES DE NEGOCIO"}]},{"@type":"WebSite","@id":"https:\/\/evolutioncg.net\/#website","url":"https:\/\/evolutioncg.net\/","name":"Evolution CG","description":"","potentialAction":[{"@type":"SearchAction","target":{"@type":"EntryPoint","urlTemplate":"https:\/\/evolutioncg.net\/?s={search_term_string}"},"query-input":{"@type":"PropertyValueSpecification","valueRequired":true,"valueName":"search_term_string"}}],"inLanguage":"en-US"}]}},"_links":{"self":[{"href":"https:\/\/evolutioncg.net\/en\/wp-json\/wp\/v2\/pages\/2457","targetHints":{"allow":["GET"]}}],"collection":[{"href":"https:\/\/evolutioncg.net\/en\/wp-json\/wp\/v2\/pages"}],"about":[{"href":"https:\/\/evolutioncg.net\/en\/wp-json\/wp\/v2\/types\/page"}],"author":[{"embeddable":true,"href":"https:\/\/evolutioncg.net\/en\/wp-json\/wp\/v2\/users\/1"}],"replies":[{"embeddable":true,"href":"https:\/\/evolutioncg.net\/en\/wp-json\/wp\/v2\/comments?post=2457"}],"version-history":[{"count":24,"href":"https:\/\/evolutioncg.net\/en\/wp-json\/wp\/v2\/pages\/2457\/revisions"}],"predecessor-version":[{"id":2677,"href":"https:\/\/evolutioncg.net\/en\/wp-json\/wp\/v2\/pages\/2457\/revisions\/2677"}],"wp:attachment":[{"href":"https:\/\/evolutioncg.net\/en\/wp-json\/wp\/v2\/media?parent=2457"}],"curies":[{"name":"wp","href":"https:\/\/api.w.org\/{rel}","templated":true}]}}