{"id":2340,"date":"2024-11-21T21:00:32","date_gmt":"2024-11-21T21:00:32","guid":{"rendered":"https:\/\/evolutioncg.net\/copyright-notice\/"},"modified":"2024-11-21T21:03:13","modified_gmt":"2024-11-21T21:03:13","slug":"copyright","status":"publish","type":"page","link":"https:\/\/evolutioncg.net\/en\/copyright\/","title":{"rendered":"Copyright Notice"},"content":{"rendered":"<h3><b>Copyright Notice<\/b><\/h3><p>Este sitio web y su contenido son propiedad de <i>Evolution CG<\/i> - \u00a9 <i>Evolution CG<\/i> 2024. Todos los derechos reservados.<\/p><p>Queda prohibida cualquier redistribuci\u00f3n o reproducci\u00f3n de parte o la totalidad de los contenidos en cualquier forma, excepto en los siguientes casos:<\/p><ul><li>Puedes imprimir o descargar extractos a un disco duro local para tu uso personal y no comercial \u00fanicamente.<\/li><li>Puedes copiar el contenido para terceros de forma individual para su uso personal, pero \u00fanicamente si reconoces este sitio web como la fuente del material.<\/li><\/ul><p>No puedes, excepto con nuestro permiso expreso por escrito, distribuir o explotar comercialmente el contenido. Tampoco puedes transmitirlo o almacenarlo en ning\u00fan otro sitio web ni en cualquier otro sistema de recuperaci\u00f3n electr\u00f3nica.<\/p>","protected":false},"excerpt":{"rendered":"<p>Aviso de CopyrightEste sitio web y su contenido son propiedad de Evolution CG &#8211; \u00a9 Evolution CG 2024. Todos los derechos reservados.Queda prohibida cualquier redistribuci\u00f3n o reproducci\u00f3n de parte o la totalidad de los contenidos en cualquier forma, excepto en los siguientes casos:Puedes imprimir o descargar extractos a un disco duro local para tu uso [&hellip;]<\/p>\n","protected":false},"author":1,"featured_media":0,"parent":0,"menu_order":0,"comment_status":"closed","ping_status":"closed","template":"","meta":{"footnotes":""},"class_list":["post-2340","page","type-page","status-publish","hentry"],"yoast_head":"<!-- This site is optimized with the Yoast SEO Premium plugin v23.7 (Yoast SEO v27.4) - https:\/\/yoast.com\/product\/yoast-seo-premium-wordpress\/ -->\n<title>Aviso de Copyright - Evolution CG<\/title>\n<meta name=\"robots\" content=\"index, follow, max-snippet:-1, max-image-preview:large, max-video-preview:-1\" \/>\n<link rel=\"canonical\" href=\"https:\/\/evolutioncg.net\/en\/copyright\/\" \/>\n<meta property=\"og:locale\" content=\"en_US\" \/>\n<meta property=\"og:type\" content=\"article\" \/>\n<meta property=\"og:title\" content=\"Aviso de Copyright\" \/>\n<meta property=\"og:description\" content=\"Aviso de CopyrightEste sitio web y su contenido son propiedad de Evolution CG - \u00a9 Evolution CG 2024. Todos los derechos reservados.Queda prohibida cualquier redistribuci\u00f3n o reproducci\u00f3n de parte o la totalidad de los contenidos en cualquier forma, excepto en los siguientes casos:Puedes imprimir o descargar extractos a un disco duro local para tu uso [&hellip;]\" \/>\n<meta property=\"og:url\" content=\"https:\/\/evolutioncg.net\/en\/copyright\/\" \/>\n<meta property=\"og:site_name\" content=\"Evolution CG\" \/>\n<meta property=\"article:modified_time\" content=\"2024-11-21T21:03:13+00:00\" \/>\n<meta name=\"twitter:card\" content=\"summary_large_image\" \/>\n<script type=\"application\/ld+json\" class=\"yoast-schema-graph\">{\"@context\":\"https:\\\/\\\/schema.org\",\"@graph\":[{\"@type\":\"WebPage\",\"@id\":\"https:\\\/\\\/evolutioncg.net\\\/copyright\\\/\",\"url\":\"https:\\\/\\\/evolutioncg.net\\\/copyright\\\/\",\"name\":\"Aviso de Copyright - Evolution CG\",\"isPartOf\":{\"@id\":\"https:\\\/\\\/evolutioncg.net\\\/#website\"},\"datePublished\":\"2024-11-21T21:00:32+00:00\",\"dateModified\":\"2024-11-21T21:03:13+00:00\",\"breadcrumb\":{\"@id\":\"https:\\\/\\\/evolutioncg.net\\\/copyright\\\/#breadcrumb\"},\"inLanguage\":\"en-US\",\"potentialAction\":[{\"@type\":\"ReadAction\",\"target\":[\"https:\\\/\\\/evolutioncg.net\\\/copyright\\\/\"]}]},{\"@type\":\"BreadcrumbList\",\"@id\":\"https:\\\/\\\/evolutioncg.net\\\/copyright\\\/#breadcrumb\",\"itemListElement\":[{\"@type\":\"ListItem\",\"position\":1,\"name\":\"Home\",\"item\":\"https:\\\/\\\/evolutioncg.net\\\/\"},{\"@type\":\"ListItem\",\"position\":2,\"name\":\"Aviso de Copyright\"}]},{\"@type\":\"WebSite\",\"@id\":\"https:\\\/\\\/evolutioncg.net\\\/#website\",\"url\":\"https:\\\/\\\/evolutioncg.net\\\/\",\"name\":\"Evolution CG\",\"description\":\"\",\"potentialAction\":[{\"@type\":\"SearchAction\",\"target\":{\"@type\":\"EntryPoint\",\"urlTemplate\":\"https:\\\/\\\/evolutioncg.net\\\/?s={search_term_string}\"},\"query-input\":{\"@type\":\"PropertyValueSpecification\",\"valueRequired\":true,\"valueName\":\"search_term_string\"}}],\"inLanguage\":\"en-US\"}]}<\/script>\n<!-- \/ Yoast SEO Premium plugin. -->","yoast_head_json":{"title":"Aviso de Copyright - Evolution CG","robots":{"index":"index","follow":"follow","max-snippet":"max-snippet:-1","max-image-preview":"max-image-preview:large","max-video-preview":"max-video-preview:-1"},"canonical":"https:\/\/evolutioncg.net\/en\/copyright\/","og_locale":"en_US","og_type":"article","og_title":"Aviso de Copyright","og_description":"Aviso de CopyrightEste sitio web y su contenido son propiedad de Evolution CG - \u00a9 Evolution CG 2024. Todos los derechos reservados.Queda prohibida cualquier redistribuci\u00f3n o reproducci\u00f3n de parte o la totalidad de los contenidos en cualquier forma, excepto en los siguientes casos:Puedes imprimir o descargar extractos a un disco duro local para tu uso [&hellip;]","og_url":"https:\/\/evolutioncg.net\/en\/copyright\/","og_site_name":"Evolution CG","article_modified_time":"2024-11-21T21:03:13+00:00","twitter_card":"summary_large_image","schema":{"@context":"https:\/\/schema.org","@graph":[{"@type":"WebPage","@id":"https:\/\/evolutioncg.net\/copyright\/","url":"https:\/\/evolutioncg.net\/copyright\/","name":"Aviso de Copyright - Evolution CG","isPartOf":{"@id":"https:\/\/evolutioncg.net\/#website"},"datePublished":"2024-11-21T21:00:32+00:00","dateModified":"2024-11-21T21:03:13+00:00","breadcrumb":{"@id":"https:\/\/evolutioncg.net\/copyright\/#breadcrumb"},"inLanguage":"en-US","potentialAction":[{"@type":"ReadAction","target":["https:\/\/evolutioncg.net\/copyright\/"]}]},{"@type":"BreadcrumbList","@id":"https:\/\/evolutioncg.net\/copyright\/#breadcrumb","itemListElement":[{"@type":"ListItem","position":1,"name":"Home","item":"https:\/\/evolutioncg.net\/"},{"@type":"ListItem","position":2,"name":"Aviso de Copyright"}]},{"@type":"WebSite","@id":"https:\/\/evolutioncg.net\/#website","url":"https:\/\/evolutioncg.net\/","name":"Evolution CG","description":"","potentialAction":[{"@type":"SearchAction","target":{"@type":"EntryPoint","urlTemplate":"https:\/\/evolutioncg.net\/?s={search_term_string}"},"query-input":{"@type":"PropertyValueSpecification","valueRequired":true,"valueName":"search_term_string"}}],"inLanguage":"en-US"}]}},"_links":{"self":[{"href":"https:\/\/evolutioncg.net\/en\/wp-json\/wp\/v2\/pages\/2340","targetHints":{"allow":["GET"]}}],"collection":[{"href":"https:\/\/evolutioncg.net\/en\/wp-json\/wp\/v2\/pages"}],"about":[{"href":"https:\/\/evolutioncg.net\/en\/wp-json\/wp\/v2\/types\/page"}],"author":[{"embeddable":true,"href":"https:\/\/evolutioncg.net\/en\/wp-json\/wp\/v2\/users\/1"}],"replies":[{"embeddable":true,"href":"https:\/\/evolutioncg.net\/en\/wp-json\/wp\/v2\/comments?post=2340"}],"version-history":[{"count":3,"href":"https:\/\/evolutioncg.net\/en\/wp-json\/wp\/v2\/pages\/2340\/revisions"}],"predecessor-version":[{"id":2343,"href":"https:\/\/evolutioncg.net\/en\/wp-json\/wp\/v2\/pages\/2340\/revisions\/2343"}],"wp:attachment":[{"href":"https:\/\/evolutioncg.net\/en\/wp-json\/wp\/v2\/media?parent=2340"}],"curies":[{"name":"wp","href":"https:\/\/api.w.org\/{rel}","templated":true}]}}