{"id":2338,"date":"2024-11-21T20:59:21","date_gmt":"2024-11-21T20:59:21","guid":{"rendered":"https:\/\/evolutioncg.net\/disclaimer\/"},"modified":"2024-11-21T20:59:46","modified_gmt":"2024-11-21T20:59:46","slug":"descargo","status":"publish","type":"page","link":"https:\/\/evolutioncg.net\/en\/descargo\/","title":{"rendered":"Disclaimer"},"content":{"rendered":"<h3><b>Descargo de Responsabilidad<\/b><\/h3><p>La informaci\u00f3n contenida en este sitio web es solo para fines informativos generales. La informaci\u00f3n es proporcionada por <i>Evolution CG<\/i> y, aunque nos esforzamos por mantenerla actualizada y precisa, no hacemos representaciones ni garant\u00edas de ning\u00fan tipo, expresas o impl\u00edcitas, sobre la integridad, precisi\u00f3n, confiabilidad, idoneidad o disponibilidad con respecto al sitio web o la informaci\u00f3n, productos, servicios o gr\u00e1ficos relacionados contenidos en el sitio web para cualquier prop\u00f3sito. Cualquier confianza que deposites en dicha informaci\u00f3n es, por lo tanto, estrictamente bajo tu propio riesgo.<\/p><p>En ning\u00fan caso seremos responsables por cualquier p\u00e9rdida o da\u00f1o, incluyendo, sin limitaci\u00f3n, p\u00e9rdidas o da\u00f1os indirectos o consecuentes, o cualquier p\u00e9rdida o da\u00f1o que surja de la p\u00e9rdida de datos o ganancias, que surjan del uso de este sitio web o en conexi\u00f3n con \u00e9l.<\/p><p>A trav\u00e9s de este sitio web puedes enlazar a otros sitios web que no est\u00e1n bajo el control de <i>Evolution CG<\/i>. No tenemos control sobre la naturaleza, el contenido y la disponibilidad de esos sitios. La inclusi\u00f3n de cualquier enlace no implica necesariamente una recomendaci\u00f3n ni respalda las opiniones expresadas en ellos.<\/p><p>Hacemos todo lo posible para mantener el sitio web funcionando sin problemas. Sin embargo, <i>Evolution CG<\/i> no asume ninguna responsabilidad ni ser\u00e1 responsable de que el sitio web est\u00e9 temporalmente fuera de servicio debido a problemas t\u00e9cnicos fuera de nuestro control.<\/p>","protected":false},"excerpt":{"rendered":"<p>Descargo de ResponsabilidadLa informaci\u00f3n contenida en este sitio web es solo para fines informativos generales. La informaci\u00f3n es proporcionada por Evolution CG y, aunque nos esforzamos por mantenerla actualizada y precisa, no hacemos representaciones ni garant\u00edas de ning\u00fan tipo, expresas o impl\u00edcitas, sobre la integridad, precisi\u00f3n, confiabilidad, idoneidad o disponibilidad con respecto al sitio web [&hellip;]<\/p>\n","protected":false},"author":1,"featured_media":0,"parent":0,"menu_order":0,"comment_status":"closed","ping_status":"closed","template":"","meta":{"footnotes":""},"class_list":["post-2338","page","type-page","status-publish","hentry"],"yoast_head":"<!-- This site is optimized with the Yoast SEO Premium plugin v23.7 (Yoast SEO v27.4) - https:\/\/yoast.com\/product\/yoast-seo-premium-wordpress\/ -->\n<title>Descargo de Responsabilidades - Evolution CG<\/title>\n<meta name=\"robots\" content=\"index, follow, max-snippet:-1, max-image-preview:large, max-video-preview:-1\" \/>\n<link rel=\"canonical\" href=\"https:\/\/evolutioncg.net\/en\/descargo\/\" \/>\n<meta property=\"og:locale\" content=\"en_US\" \/>\n<meta property=\"og:type\" content=\"article\" \/>\n<meta property=\"og:title\" content=\"Descargo de Responsabilidades\" \/>\n<meta property=\"og:description\" content=\"Descargo de ResponsabilidadLa informaci\u00f3n contenida en este sitio web es solo para fines informativos generales. La informaci\u00f3n es proporcionada por Evolution CG y, aunque nos esforzamos por mantenerla actualizada y precisa, no hacemos representaciones ni garant\u00edas de ning\u00fan tipo, expresas o impl\u00edcitas, sobre la integridad, precisi\u00f3n, confiabilidad, idoneidad o disponibilidad con respecto al sitio web [&hellip;]\" \/>\n<meta property=\"og:url\" content=\"https:\/\/evolutioncg.net\/en\/descargo\/\" \/>\n<meta property=\"og:site_name\" content=\"Evolution CG\" \/>\n<meta property=\"article:modified_time\" content=\"2024-11-21T20:59:46+00:00\" \/>\n<meta name=\"twitter:card\" content=\"summary_large_image\" \/>\n<script type=\"application\/ld+json\" class=\"yoast-schema-graph\">{\"@context\":\"https:\\\/\\\/schema.org\",\"@graph\":[{\"@type\":\"WebPage\",\"@id\":\"https:\\\/\\\/evolutioncg.net\\\/descargo\\\/\",\"url\":\"https:\\\/\\\/evolutioncg.net\\\/descargo\\\/\",\"name\":\"Descargo de Responsabilidades - Evolution CG\",\"isPartOf\":{\"@id\":\"https:\\\/\\\/evolutioncg.net\\\/#website\"},\"datePublished\":\"2024-11-21T20:59:21+00:00\",\"dateModified\":\"2024-11-21T20:59:46+00:00\",\"breadcrumb\":{\"@id\":\"https:\\\/\\\/evolutioncg.net\\\/descargo\\\/#breadcrumb\"},\"inLanguage\":\"en-US\",\"potentialAction\":[{\"@type\":\"ReadAction\",\"target\":[\"https:\\\/\\\/evolutioncg.net\\\/descargo\\\/\"]}]},{\"@type\":\"BreadcrumbList\",\"@id\":\"https:\\\/\\\/evolutioncg.net\\\/descargo\\\/#breadcrumb\",\"itemListElement\":[{\"@type\":\"ListItem\",\"position\":1,\"name\":\"Home\",\"item\":\"https:\\\/\\\/evolutioncg.net\\\/\"},{\"@type\":\"ListItem\",\"position\":2,\"name\":\"Descargo de Responsabilidades\"}]},{\"@type\":\"WebSite\",\"@id\":\"https:\\\/\\\/evolutioncg.net\\\/#website\",\"url\":\"https:\\\/\\\/evolutioncg.net\\\/\",\"name\":\"Evolution CG\",\"description\":\"\",\"potentialAction\":[{\"@type\":\"SearchAction\",\"target\":{\"@type\":\"EntryPoint\",\"urlTemplate\":\"https:\\\/\\\/evolutioncg.net\\\/?s={search_term_string}\"},\"query-input\":{\"@type\":\"PropertyValueSpecification\",\"valueRequired\":true,\"valueName\":\"search_term_string\"}}],\"inLanguage\":\"en-US\"}]}<\/script>\n<!-- \/ Yoast SEO Premium plugin. -->","yoast_head_json":{"title":"Descargo de Responsabilidades - Evolution CG","robots":{"index":"index","follow":"follow","max-snippet":"max-snippet:-1","max-image-preview":"max-image-preview:large","max-video-preview":"max-video-preview:-1"},"canonical":"https:\/\/evolutioncg.net\/en\/descargo\/","og_locale":"en_US","og_type":"article","og_title":"Descargo de Responsabilidades","og_description":"Descargo de ResponsabilidadLa informaci\u00f3n contenida en este sitio web es solo para fines informativos generales. La informaci\u00f3n es proporcionada por Evolution CG y, aunque nos esforzamos por mantenerla actualizada y precisa, no hacemos representaciones ni garant\u00edas de ning\u00fan tipo, expresas o impl\u00edcitas, sobre la integridad, precisi\u00f3n, confiabilidad, idoneidad o disponibilidad con respecto al sitio web [&hellip;]","og_url":"https:\/\/evolutioncg.net\/en\/descargo\/","og_site_name":"Evolution CG","article_modified_time":"2024-11-21T20:59:46+00:00","twitter_card":"summary_large_image","schema":{"@context":"https:\/\/schema.org","@graph":[{"@type":"WebPage","@id":"https:\/\/evolutioncg.net\/descargo\/","url":"https:\/\/evolutioncg.net\/descargo\/","name":"Descargo de Responsabilidades - Evolution CG","isPartOf":{"@id":"https:\/\/evolutioncg.net\/#website"},"datePublished":"2024-11-21T20:59:21+00:00","dateModified":"2024-11-21T20:59:46+00:00","breadcrumb":{"@id":"https:\/\/evolutioncg.net\/descargo\/#breadcrumb"},"inLanguage":"en-US","potentialAction":[{"@type":"ReadAction","target":["https:\/\/evolutioncg.net\/descargo\/"]}]},{"@type":"BreadcrumbList","@id":"https:\/\/evolutioncg.net\/descargo\/#breadcrumb","itemListElement":[{"@type":"ListItem","position":1,"name":"Home","item":"https:\/\/evolutioncg.net\/"},{"@type":"ListItem","position":2,"name":"Descargo de Responsabilidades"}]},{"@type":"WebSite","@id":"https:\/\/evolutioncg.net\/#website","url":"https:\/\/evolutioncg.net\/","name":"Evolution CG","description":"","potentialAction":[{"@type":"SearchAction","target":{"@type":"EntryPoint","urlTemplate":"https:\/\/evolutioncg.net\/?s={search_term_string}"},"query-input":{"@type":"PropertyValueSpecification","valueRequired":true,"valueName":"search_term_string"}}],"inLanguage":"en-US"}]}},"_links":{"self":[{"href":"https:\/\/evolutioncg.net\/en\/wp-json\/wp\/v2\/pages\/2338","targetHints":{"allow":["GET"]}}],"collection":[{"href":"https:\/\/evolutioncg.net\/en\/wp-json\/wp\/v2\/pages"}],"about":[{"href":"https:\/\/evolutioncg.net\/en\/wp-json\/wp\/v2\/types\/page"}],"author":[{"embeddable":true,"href":"https:\/\/evolutioncg.net\/en\/wp-json\/wp\/v2\/users\/1"}],"replies":[{"embeddable":true,"href":"https:\/\/evolutioncg.net\/en\/wp-json\/wp\/v2\/comments?post=2338"}],"version-history":[{"count":1,"href":"https:\/\/evolutioncg.net\/en\/wp-json\/wp\/v2\/pages\/2338\/revisions"}],"predecessor-version":[{"id":2339,"href":"https:\/\/evolutioncg.net\/en\/wp-json\/wp\/v2\/pages\/2338\/revisions\/2339"}],"wp:attachment":[{"href":"https:\/\/evolutioncg.net\/en\/wp-json\/wp\/v2\/media?parent=2338"}],"curies":[{"name":"wp","href":"https:\/\/api.w.org\/{rel}","templated":true}]}}