{"id":2336,"date":"2024-11-21T20:58:15","date_gmt":"2024-11-21T20:58:15","guid":{"rendered":"https:\/\/evolutioncg.net\/terms-and-conditions\/"},"modified":"2024-11-21T20:58:36","modified_gmt":"2024-11-21T20:58:36","slug":"terminos-y-condiciones","status":"publish","type":"page","link":"https:\/\/evolutioncg.net\/en\/terminos-y-condiciones\/","title":{"rendered":"Terms and Conditions"},"content":{"rendered":"<h3><b>Terms and Conditions<\/b><\/h3><p>Bienvenido a <i>Evolution CG<\/i>. Si contin\u00faas navegando y utilizando este sitio web, aceptas cumplir y estar sujeto a los siguientes t\u00e9rminos y condiciones de uso, que junto con nuestra pol\u00edtica de privacidad rigen la relaci\u00f3n de <i>Evolution CG<\/i> contigo en relaci\u00f3n a este sitio web.<\/p><p>El t\u00e9rmino <i>Evolution CG<\/i> o \"nosotros\" se refiere al propietario del sitio web. El t\u00e9rmino \"t\u00fa\" se refiere al usuario o visitante de nuestro sitio web. El uso de este sitio web est\u00e1 sujeto a los siguientes t\u00e9rminos de uso:<\/p><ol><li><p><b>Prop\u00f3sito y Modificaciones<\/b><\/p><ul><li>El contenido de las p\u00e1ginas de este sitio web es solo para tu informaci\u00f3n general y uso personal. Est\u00e1 sujeto a cambios sin previo aviso.<\/li><\/ul><\/li><li><p><b>Limitaci\u00f3n de Responsabilidad<\/b><\/p><ul><li>Ni nosotros ni terceros garantizamos la precisi\u00f3n, puntualidad, rendimiento, integridad o idoneidad de la informaci\u00f3n y materiales encontrados u ofrecidos en este sitio web para ning\u00fan prop\u00f3sito en particular. Reconoces que dicha informaci\u00f3n y materiales pueden contener inexactitudes o errores, y expresamente excluimos cualquier responsabilidad por dichas inexactitudes o errores en la medida m\u00e1xima permitida por la ley.<\/li><\/ul><\/li><li><p><b>Uso bajo tu Responsabilidad<\/b><\/p><ul><li>El uso de cualquier informaci\u00f3n o materiales en este sitio web es bajo tu propio riesgo, por lo que no seremos responsables. Ser\u00e1 tu responsabilidad garantizar que cualquier producto, servicio o informaci\u00f3n disponible a trav\u00e9s de este sitio web cumpla con tus requisitos espec\u00edficos.<\/li><\/ul><\/li><li><p><b>Propiedad Intelectual<\/b><\/p><ul><li>Este sitio web contiene material que es propiedad de o est\u00e1 licenciado para nosotros. Este material incluye, pero no se limita a, el dise\u00f1o, la disposici\u00f3n, la apariencia y los gr\u00e1ficos. Queda prohibida su reproducci\u00f3n, excepto de acuerdo con el aviso de derechos de autor, que forma parte de estos t\u00e9rminos y condiciones.<\/li><\/ul><\/li><li><p><b>Reconocimiento de Marcas<\/b><\/p><ul><li>Todas las marcas registradas reproducidas en este sitio web, que no son propiedad ni est\u00e1n licenciadas al operador, son reconocidas en el sitio web.<\/li><\/ul><\/li><li><p><b>Uso No Autorizado<\/b><\/p><ul><li>El uso no autorizado de este sitio web puede dar lugar a una reclamaci\u00f3n por da\u00f1os y\/o ser un delito penal.<\/li><\/ul><\/li><li><p><b>Enlaces Externos<\/b><\/p><ul><li>De vez en cuando, este sitio web puede incluir enlaces a otros sitios web. Estos enlaces se proporcionan para tu conveniencia y para ofrecer informaci\u00f3n adicional. Esto no significa que respaldemos el(los) sitio(s) web. No tenemos ninguna responsabilidad por el contenido de los sitios web vinculados.<\/li><\/ul><\/li><li><p><b>Creaci\u00f3n de Enlaces<\/b><\/p><ul><li>No puedes crear un enlace a este sitio web desde otro sitio web o documento sin el consentimiento previo por escrito de <i>Evolution CG<\/i>.<\/li><\/ul><\/li><\/ol>","protected":false},"excerpt":{"rendered":"<p>T\u00e9rminos y CondicionesBienvenido a Evolution CG. Si contin\u00faas navegando y utilizando este sitio web, aceptas cumplir y estar sujeto a los siguientes t\u00e9rminos y condiciones de uso, que junto con nuestra pol\u00edtica de privacidad rigen la relaci\u00f3n de Evolution CG contigo en relaci\u00f3n a este sitio web.El t\u00e9rmino Evolution CG o \u00abnosotros\u00bb se refiere al [&hellip;]<\/p>","protected":false},"author":1,"featured_media":0,"parent":0,"menu_order":0,"comment_status":"closed","ping_status":"closed","template":"","meta":{"footnotes":""},"class_list":["post-2336","page","type-page","status-publish","hentry"],"yoast_head":"<!-- This site is optimized with the Yoast SEO Premium plugin v23.7 (Yoast SEO v24.7) - https:\/\/yoast.com\/wordpress\/plugins\/seo\/ -->\n<title>T\u00e9rminos y Condiciones - Evolution CG<\/title>\n<meta name=\"robots\" content=\"index, follow, max-snippet:-1, max-image-preview:large, max-video-preview:-1\" \/>\n<link rel=\"canonical\" href=\"https:\/\/evolutioncg.net\/en\/terminos-y-condiciones\/\" \/>\n<meta property=\"og:locale\" content=\"en_US\" \/>\n<meta property=\"og:type\" content=\"article\" \/>\n<meta property=\"og:title\" content=\"T\u00e9rminos y Condiciones\" \/>\n<meta property=\"og:description\" content=\"T\u00e9rminos y CondicionesBienvenido a Evolution CG. Si contin\u00faas navegando y utilizando este sitio web, aceptas cumplir y estar sujeto a los siguientes t\u00e9rminos y condiciones de uso, que junto con nuestra pol\u00edtica de privacidad rigen la relaci\u00f3n de Evolution CG contigo en relaci\u00f3n a este sitio web.El t\u00e9rmino Evolution CG o &quot;nosotros&quot; se refiere al [&hellip;]\" \/>\n<meta property=\"og:url\" content=\"https:\/\/evolutioncg.net\/en\/terminos-y-condiciones\/\" \/>\n<meta property=\"og:site_name\" content=\"Evolution CG\" \/>\n<meta property=\"article:modified_time\" content=\"2024-11-21T20:58:36+00:00\" \/>\n<meta name=\"twitter:card\" content=\"summary_large_image\" \/>\n<script type=\"application\/ld+json\" class=\"yoast-schema-graph\">{\"@context\":\"https:\/\/schema.org\",\"@graph\":[{\"@type\":\"WebPage\",\"@id\":\"https:\/\/evolutioncg.net\/terminos-y-condiciones\/\",\"url\":\"https:\/\/evolutioncg.net\/terminos-y-condiciones\/\",\"name\":\"T\u00e9rminos y Condiciones - Evolution CG\",\"isPartOf\":{\"@id\":\"https:\/\/evolutioncg.net\/#website\"},\"datePublished\":\"2024-11-21T20:58:15+00:00\",\"dateModified\":\"2024-11-21T20:58:36+00:00\",\"breadcrumb\":{\"@id\":\"https:\/\/evolutioncg.net\/terminos-y-condiciones\/#breadcrumb\"},\"inLanguage\":\"en-US\",\"potentialAction\":[{\"@type\":\"ReadAction\",\"target\":[\"https:\/\/evolutioncg.net\/terminos-y-condiciones\/\"]}]},{\"@type\":\"BreadcrumbList\",\"@id\":\"https:\/\/evolutioncg.net\/terminos-y-condiciones\/#breadcrumb\",\"itemListElement\":[{\"@type\":\"ListItem\",\"position\":1,\"name\":\"Home\",\"item\":\"https:\/\/evolutioncg.net\/\"},{\"@type\":\"ListItem\",\"position\":2,\"name\":\"T\u00e9rminos y Condiciones\"}]},{\"@type\":\"WebSite\",\"@id\":\"https:\/\/evolutioncg.net\/#website\",\"url\":\"https:\/\/evolutioncg.net\/\",\"name\":\"Evolution CG\",\"description\":\"\",\"potentialAction\":[{\"@type\":\"SearchAction\",\"target\":{\"@type\":\"EntryPoint\",\"urlTemplate\":\"https:\/\/evolutioncg.net\/?s={search_term_string}\"},\"query-input\":{\"@type\":\"PropertyValueSpecification\",\"valueRequired\":true,\"valueName\":\"search_term_string\"}}],\"inLanguage\":\"en-US\"}]}<\/script>\n<!-- \/ Yoast SEO Premium plugin. -->","yoast_head_json":{"title":"T\u00e9rminos y Condiciones - Evolution CG","robots":{"index":"index","follow":"follow","max-snippet":"max-snippet:-1","max-image-preview":"max-image-preview:large","max-video-preview":"max-video-preview:-1"},"canonical":"https:\/\/evolutioncg.net\/en\/terminos-y-condiciones\/","og_locale":"en_US","og_type":"article","og_title":"T\u00e9rminos y Condiciones","og_description":"T\u00e9rminos y CondicionesBienvenido a Evolution CG. Si contin\u00faas navegando y utilizando este sitio web, aceptas cumplir y estar sujeto a los siguientes t\u00e9rminos y condiciones de uso, que junto con nuestra pol\u00edtica de privacidad rigen la relaci\u00f3n de Evolution CG contigo en relaci\u00f3n a este sitio web.El t\u00e9rmino Evolution CG o \"nosotros\" se refiere al [&hellip;]","og_url":"https:\/\/evolutioncg.net\/en\/terminos-y-condiciones\/","og_site_name":"Evolution CG","article_modified_time":"2024-11-21T20:58:36+00:00","twitter_card":"summary_large_image","schema":{"@context":"https:\/\/schema.org","@graph":[{"@type":"WebPage","@id":"https:\/\/evolutioncg.net\/terminos-y-condiciones\/","url":"https:\/\/evolutioncg.net\/terminos-y-condiciones\/","name":"T\u00e9rminos y Condiciones - Evolution CG","isPartOf":{"@id":"https:\/\/evolutioncg.net\/#website"},"datePublished":"2024-11-21T20:58:15+00:00","dateModified":"2024-11-21T20:58:36+00:00","breadcrumb":{"@id":"https:\/\/evolutioncg.net\/terminos-y-condiciones\/#breadcrumb"},"inLanguage":"en-US","potentialAction":[{"@type":"ReadAction","target":["https:\/\/evolutioncg.net\/terminos-y-condiciones\/"]}]},{"@type":"BreadcrumbList","@id":"https:\/\/evolutioncg.net\/terminos-y-condiciones\/#breadcrumb","itemListElement":[{"@type":"ListItem","position":1,"name":"Home","item":"https:\/\/evolutioncg.net\/"},{"@type":"ListItem","position":2,"name":"T\u00e9rminos y Condiciones"}]},{"@type":"WebSite","@id":"https:\/\/evolutioncg.net\/#website","url":"https:\/\/evolutioncg.net\/","name":"Evolution CG","description":"","potentialAction":[{"@type":"SearchAction","target":{"@type":"EntryPoint","urlTemplate":"https:\/\/evolutioncg.net\/?s={search_term_string}"},"query-input":{"@type":"PropertyValueSpecification","valueRequired":true,"valueName":"search_term_string"}}],"inLanguage":"en-US"}]}},"_links":{"self":[{"href":"https:\/\/evolutioncg.net\/en\/wp-json\/wp\/v2\/pages\/2336","targetHints":{"allow":["GET"]}}],"collection":[{"href":"https:\/\/evolutioncg.net\/en\/wp-json\/wp\/v2\/pages"}],"about":[{"href":"https:\/\/evolutioncg.net\/en\/wp-json\/wp\/v2\/types\/page"}],"author":[{"embeddable":true,"href":"https:\/\/evolutioncg.net\/en\/wp-json\/wp\/v2\/users\/1"}],"replies":[{"embeddable":true,"href":"https:\/\/evolutioncg.net\/en\/wp-json\/wp\/v2\/comments?post=2336"}],"version-history":[{"count":1,"href":"https:\/\/evolutioncg.net\/en\/wp-json\/wp\/v2\/pages\/2336\/revisions"}],"predecessor-version":[{"id":2337,"href":"https:\/\/evolutioncg.net\/en\/wp-json\/wp\/v2\/pages\/2336\/revisions\/2337"}],"wp:attachment":[{"href":"https:\/\/evolutioncg.net\/en\/wp-json\/wp\/v2\/media?parent=2336"}],"curies":[{"name":"wp","href":"https:\/\/api.w.org\/{rel}","templated":true}]}}