{"id":2334,"date":"2024-11-21T20:56:56","date_gmt":"2024-11-21T20:56:56","guid":{"rendered":"https:\/\/evolutioncg.net\/privacy-policy-2\/"},"modified":"2024-11-21T20:57:25","modified_gmt":"2024-11-21T20:57:25","slug":"politicas-privacidad","status":"publish","type":"page","link":"https:\/\/evolutioncg.net\/en\/politicas-privacidad\/","title":{"rendered":"Pol\u00edticas de privacidad"},"content":{"rendered":"<h3><b>Pol\u00edtica de Privacidad<\/b><\/h3><p>En <i>Evolution CG<\/i>, la privacidad de nuestros visitantes es de suma importancia para nosotros. Este documento de pol\u00edtica de privacidad describe los tipos de informaci\u00f3n personal que se reciben y recopilan en <i>Evolution CG<\/i> y c\u00f3mo se utilizan.<\/p><h4><b>Archivos de Registro<\/b><\/h4><p>Al igual que muchos otros sitios web, <i>Evolution CG<\/i> utiliza archivos de registro. La informaci\u00f3n dentro de los archivos de registro incluye direcciones de protocolo de Internet (IP), tipo de navegador, proveedor de servicios de Internet (ISP), marca de fecha y hora, p\u00e1ginas de referencia\/salida y n\u00famero de clics para analizar tendencias, administrar el sitio, rastrear el movimiento del usuario en el sitio y recopilar informaci\u00f3n demogr\u00e1fica. Las direcciones IP y otros datos similares no est\u00e1n vinculados a informaci\u00f3n que sea personalmente identificable.<\/p><h4><b>Cookies y Balizas Web<\/b><\/h4><p><i>Evolution CG<\/i> utiliza cookies para almacenar informaci\u00f3n sobre las preferencias de los visitantes, registrar informaci\u00f3n espec\u00edfica del usuario sobre qu\u00e9 p\u00e1ginas accede o visita, y personalizar el contenido de las p\u00e1ginas web en funci\u00f3n del tipo de navegador de los visitantes u otra informaci\u00f3n que el visitante env\u00ede a trav\u00e9s de su navegador.<\/p><h4><b>Cookie DoubleClick DART<\/b><\/h4><p>Google, como proveedor externo, utiliza cookies para mostrar anuncios en <i>Evolution CG<\/i>.<br>El uso de la cookie DART por parte de Google le permite mostrar anuncios a los usuarios en funci\u00f3n de su visita a <i>Evolution CG<\/i> y otros sitios en Internet.<br>Los usuarios pueden optar por no utilizar la cookie DART visitando la pol\u00edtica de privacidad de la red de contenido y anuncios de Google en el siguiente enlace: <a rel=\"noopener\" target=\"_new\" href=\"https:\/\/www.google.com\/policies\/privacy\/\">https:\/\/www.google.com\/policies\/privacy\/<\/a>.<\/p><p>Estos servidores o redes de anuncios de terceros utilizan tecnolog\u00eda en los anuncios y enlaces que aparecen en <i>Evolution CG<\/i>, que se env\u00edan directamente a sus navegadores. Cuando esto ocurre, reciben autom\u00e1ticamente su direcci\u00f3n IP. Otras tecnolog\u00edas (como cookies, JavaScript o balizas web) tambi\u00e9n pueden ser utilizadas por las redes de anuncios de terceros para medir la efectividad de sus anuncios y\/o personalizar el contenido publicitario que ve.<\/p><p><i>Evolution CG<\/i> no tiene acceso ni control sobre estas cookies que son utilizadas por los anunciantes de terceros.<\/p><h4><b>Pol\u00edticas de Privacidad de Terceros<\/b><\/h4><p>Debe consultar las respectivas pol\u00edticas de privacidad de estos servidores de anuncios de terceros para obtener informaci\u00f3n m\u00e1s detallada sobre sus pr\u00e1cticas, as\u00ed como para obtener instrucciones sobre c\u00f3mo optar por no participar en ciertas pr\u00e1cticas. La pol\u00edtica de privacidad de <i>Evolution CG<\/i> no se aplica a estas otras compa\u00f1\u00edas o sitios web, y no podemos controlar sus actividades.<\/p><p>Si desea desactivar las cookies, puede hacerlo a trav\u00e9s de las opciones individuales de su navegador. Informaci\u00f3n m\u00e1s detallada sobre la administraci\u00f3n de cookies en navegadores espec\u00edficos se puede encontrar en los respectivos sitios web de cada navegador.<\/p>","protected":false},"excerpt":{"rendered":"<p>Pol\u00edtica de PrivacidadEn Evolution CG, la privacidad de nuestros visitantes es de suma importancia para nosotros. Este documento de pol\u00edtica de privacidad describe los tipos de informaci\u00f3n personal que se reciben y recopilan en Evolution CG y c\u00f3mo se utilizan.Archivos de RegistroAl igual que muchos otros sitios web, Evolution CG utiliza archivos de registro. La [&hellip;]<\/p>\n","protected":false},"author":1,"featured_media":0,"parent":0,"menu_order":0,"comment_status":"closed","ping_status":"closed","template":"","meta":{"footnotes":""},"class_list":["post-2334","page","type-page","status-publish","hentry"],"yoast_head":"<!-- This site is optimized with the Yoast SEO Premium plugin v23.7 (Yoast SEO v27.4) - https:\/\/yoast.com\/product\/yoast-seo-premium-wordpress\/ -->\n<title>Pol\u00edticas de privacidad - Evolution CG<\/title>\n<meta name=\"robots\" content=\"index, follow, max-snippet:-1, max-image-preview:large, max-video-preview:-1\" \/>\n<link rel=\"canonical\" href=\"https:\/\/evolutioncg.net\/en\/politicas-privacidad\/\" \/>\n<meta property=\"og:locale\" content=\"en_US\" \/>\n<meta property=\"og:type\" content=\"article\" \/>\n<meta property=\"og:title\" content=\"Pol\u00edticas de privacidad\" \/>\n<meta property=\"og:description\" content=\"Pol\u00edtica de PrivacidadEn Evolution CG, la privacidad de nuestros visitantes es de suma importancia para nosotros. Este documento de pol\u00edtica de privacidad describe los tipos de informaci\u00f3n personal que se reciben y recopilan en Evolution CG y c\u00f3mo se utilizan.Archivos de RegistroAl igual que muchos otros sitios web, Evolution CG utiliza archivos de registro. La [&hellip;]\" \/>\n<meta property=\"og:url\" content=\"https:\/\/evolutioncg.net\/en\/politicas-privacidad\/\" \/>\n<meta property=\"og:site_name\" content=\"Evolution CG\" \/>\n<meta property=\"article:modified_time\" content=\"2024-11-21T20:57:25+00:00\" \/>\n<meta name=\"twitter:card\" content=\"summary_large_image\" \/>\n<script type=\"application\/ld+json\" class=\"yoast-schema-graph\">{\"@context\":\"https:\\\/\\\/schema.org\",\"@graph\":[{\"@type\":\"WebPage\",\"@id\":\"https:\\\/\\\/evolutioncg.net\\\/politicas-privacidad\\\/\",\"url\":\"https:\\\/\\\/evolutioncg.net\\\/politicas-privacidad\\\/\",\"name\":\"Pol\u00edticas de privacidad - Evolution CG\",\"isPartOf\":{\"@id\":\"https:\\\/\\\/evolutioncg.net\\\/#website\"},\"datePublished\":\"2024-11-21T20:56:56+00:00\",\"dateModified\":\"2024-11-21T20:57:25+00:00\",\"breadcrumb\":{\"@id\":\"https:\\\/\\\/evolutioncg.net\\\/politicas-privacidad\\\/#breadcrumb\"},\"inLanguage\":\"en-US\",\"potentialAction\":[{\"@type\":\"ReadAction\",\"target\":[\"https:\\\/\\\/evolutioncg.net\\\/politicas-privacidad\\\/\"]}]},{\"@type\":\"BreadcrumbList\",\"@id\":\"https:\\\/\\\/evolutioncg.net\\\/politicas-privacidad\\\/#breadcrumb\",\"itemListElement\":[{\"@type\":\"ListItem\",\"position\":1,\"name\":\"Home\",\"item\":\"https:\\\/\\\/evolutioncg.net\\\/\"},{\"@type\":\"ListItem\",\"position\":2,\"name\":\"Pol\u00edticas de privacidad\"}]},{\"@type\":\"WebSite\",\"@id\":\"https:\\\/\\\/evolutioncg.net\\\/#website\",\"url\":\"https:\\\/\\\/evolutioncg.net\\\/\",\"name\":\"Evolution CG\",\"description\":\"\",\"potentialAction\":[{\"@type\":\"SearchAction\",\"target\":{\"@type\":\"EntryPoint\",\"urlTemplate\":\"https:\\\/\\\/evolutioncg.net\\\/?s={search_term_string}\"},\"query-input\":{\"@type\":\"PropertyValueSpecification\",\"valueRequired\":true,\"valueName\":\"search_term_string\"}}],\"inLanguage\":\"en-US\"}]}<\/script>\n<!-- \/ Yoast SEO Premium plugin. -->","yoast_head_json":{"title":"Pol\u00edticas de privacidad - Evolution CG","robots":{"index":"index","follow":"follow","max-snippet":"max-snippet:-1","max-image-preview":"max-image-preview:large","max-video-preview":"max-video-preview:-1"},"canonical":"https:\/\/evolutioncg.net\/en\/politicas-privacidad\/","og_locale":"en_US","og_type":"article","og_title":"Pol\u00edticas de privacidad","og_description":"Pol\u00edtica de PrivacidadEn Evolution CG, la privacidad de nuestros visitantes es de suma importancia para nosotros. Este documento de pol\u00edtica de privacidad describe los tipos de informaci\u00f3n personal que se reciben y recopilan en Evolution CG y c\u00f3mo se utilizan.Archivos de RegistroAl igual que muchos otros sitios web, Evolution CG utiliza archivos de registro. La [&hellip;]","og_url":"https:\/\/evolutioncg.net\/en\/politicas-privacidad\/","og_site_name":"Evolution CG","article_modified_time":"2024-11-21T20:57:25+00:00","twitter_card":"summary_large_image","schema":{"@context":"https:\/\/schema.org","@graph":[{"@type":"WebPage","@id":"https:\/\/evolutioncg.net\/politicas-privacidad\/","url":"https:\/\/evolutioncg.net\/politicas-privacidad\/","name":"Pol\u00edticas de privacidad - Evolution CG","isPartOf":{"@id":"https:\/\/evolutioncg.net\/#website"},"datePublished":"2024-11-21T20:56:56+00:00","dateModified":"2024-11-21T20:57:25+00:00","breadcrumb":{"@id":"https:\/\/evolutioncg.net\/politicas-privacidad\/#breadcrumb"},"inLanguage":"en-US","potentialAction":[{"@type":"ReadAction","target":["https:\/\/evolutioncg.net\/politicas-privacidad\/"]}]},{"@type":"BreadcrumbList","@id":"https:\/\/evolutioncg.net\/politicas-privacidad\/#breadcrumb","itemListElement":[{"@type":"ListItem","position":1,"name":"Home","item":"https:\/\/evolutioncg.net\/"},{"@type":"ListItem","position":2,"name":"Pol\u00edticas de privacidad"}]},{"@type":"WebSite","@id":"https:\/\/evolutioncg.net\/#website","url":"https:\/\/evolutioncg.net\/","name":"Evolution CG","description":"","potentialAction":[{"@type":"SearchAction","target":{"@type":"EntryPoint","urlTemplate":"https:\/\/evolutioncg.net\/?s={search_term_string}"},"query-input":{"@type":"PropertyValueSpecification","valueRequired":true,"valueName":"search_term_string"}}],"inLanguage":"en-US"}]}},"_links":{"self":[{"href":"https:\/\/evolutioncg.net\/en\/wp-json\/wp\/v2\/pages\/2334","targetHints":{"allow":["GET"]}}],"collection":[{"href":"https:\/\/evolutioncg.net\/en\/wp-json\/wp\/v2\/pages"}],"about":[{"href":"https:\/\/evolutioncg.net\/en\/wp-json\/wp\/v2\/types\/page"}],"author":[{"embeddable":true,"href":"https:\/\/evolutioncg.net\/en\/wp-json\/wp\/v2\/users\/1"}],"replies":[{"embeddable":true,"href":"https:\/\/evolutioncg.net\/en\/wp-json\/wp\/v2\/comments?post=2334"}],"version-history":[{"count":1,"href":"https:\/\/evolutioncg.net\/en\/wp-json\/wp\/v2\/pages\/2334\/revisions"}],"predecessor-version":[{"id":2335,"href":"https:\/\/evolutioncg.net\/en\/wp-json\/wp\/v2\/pages\/2334\/revisions\/2335"}],"wp:attachment":[{"href":"https:\/\/evolutioncg.net\/en\/wp-json\/wp\/v2\/media?parent=2334"}],"curies":[{"name":"wp","href":"https:\/\/api.w.org\/{rel}","templated":true}]}}