{"id":2102,"date":"2024-10-29T16:28:04","date_gmt":"2024-10-29T16:28:04","guid":{"rendered":"https:\/\/evolutioncg.net\/?page_id=2102"},"modified":"2024-11-11T21:21:43","modified_gmt":"2024-11-11T21:21:43","slug":"bolsa-de-trabajo","status":"publish","type":"page","link":"https:\/\/evolutioncg.net\/en\/bolsa-de-trabajo\/","title":{"rendered":"CAREERS"},"content":{"rendered":"<div data-elementor-type=\"wp-page\" data-elementor-id=\"2102\" class=\"elementor elementor-2102\" data-elementor-post-type=\"page\">\n\t\t\t\t\t\t<section class=\"elementor-section elementor-top-section elementor-element elementor-element-16b7413 elementor-section-full_width fix elementor-section-height-default elementor-section-height-default\" data-id=\"16b7413\" data-element_type=\"section\" data-e-type=\"section\" data-settings=\"{&quot;background_background&quot;:&quot;classic&quot;}\">\n\t\t\t\t\t\t<div class=\"elementor-container elementor-column-gap-default\">\n\t\t\t\t\t<div class=\"elementor-column elementor-col-100 elementor-top-column elementor-element elementor-element-68428a1\" data-id=\"68428a1\" data-element_type=\"column\" data-e-type=\"column\">\n\t\t\t<div class=\"elementor-widget-wrap elementor-element-populated\">\n\t\t\t\t\t\t<section class=\"elementor-section elementor-inner-section elementor-element elementor-element-63e9ba3 elementor-section-boxed elementor-section-height-default elementor-section-height-default\" data-id=\"63e9ba3\" data-element_type=\"section\" data-e-type=\"section\">\n\t\t\t\t\t\t<div class=\"elementor-container elementor-column-gap-default\">\n\t\t\t\t\t<div class=\"elementor-column elementor-col-100 elementor-inner-column elementor-element elementor-element-1dfa9c2\" data-id=\"1dfa9c2\" data-element_type=\"column\" data-e-type=\"column\">\n\t\t\t<div class=\"elementor-widget-wrap elementor-element-populated\">\n\t\t\t\t\t\t<div class=\"elementor-element elementor-element-e279ab3 elementor-widget elementor-widget-tx_heading elh-el tx_heading\" data-id=\"e279ab3\" data-element_type=\"widget\" data-e-type=\"widget\" data-settings=\"{&quot;design_style&quot;:&quot;style_3&quot;}\" data-widget_type=\"tx_heading.default\">\n\t\t\t\t<div class=\"elementor-widget-container\">\n\t\t\t\t\t<div class=\"txa-section-title-wrap text-center\">\r\n        <h6 class=\"txa-subtitle-4 tx-subTitle wow fadeInDown isShape\">\r\n                                    <img decoding=\"async\" src=\"https:\/\/evolutioncg.net\/wp-content\/uploads\/2024\/01\/subtitle-3-icon.webp\" alt=\"\">\r\n                            Job Board at Evolution Consulting Group    <\/h6>\r\n        <h2 class=\"tx-title txa-title-1 txa-split-text chy-split-in-right\">Join Our Team!<\/h2>    <\/div>\t\t\t\t<\/div>\n\t\t\t\t<\/div>\n\t\t\t\t<div class=\"elementor-element elementor-element-f109969 elementor-widget elementor-widget-text-editor\" data-id=\"f109969\" data-element_type=\"widget\" data-e-type=\"widget\" data-widget_type=\"text-editor.default\">\n\t\t\t\t<div class=\"elementor-widget-container\">\n\t\t\t\t\t\t\t\t\t<p>Explore professional growth opportunities in a dynamic, collaborative environment. If you are interested in joining our team, send us your information and take the first step toward a promising career with us.<\/p>\t\t\t\t\t\t\t\t<\/div>\n\t\t\t\t<\/div>\n\t\t\t\t\t<\/div>\n\t\t<\/div>\n\t\t\t\t\t<\/div>\n\t\t<\/section>\n\t\t\t\t<section class=\"elementor-section elementor-inner-section elementor-element elementor-element-66d75d3 elementor-section-boxed elementor-section-height-default elementor-section-height-default\" data-id=\"66d75d3\" data-element_type=\"section\" data-e-type=\"section\" data-settings=\"{&quot;background_background&quot;:&quot;classic&quot;}\">\n\t\t\t\t\t\t<div class=\"elementor-container elementor-column-gap-default\">\n\t\t\t\t\t<div class=\"elementor-column elementor-col-100 elementor-inner-column elementor-element elementor-element-1836693\" data-id=\"1836693\" data-element_type=\"column\" data-e-type=\"column\">\n\t\t\t<div class=\"elementor-widget-wrap elementor-element-populated\">\n\t\t\t\t\t\t<section class=\"elementor-section elementor-inner-section elementor-element elementor-element-a0efd1b elementor-section-boxed elementor-section-height-default elementor-section-height-default\" data-id=\"a0efd1b\" data-element_type=\"section\" data-e-type=\"section\" data-settings=\"{&quot;background_background&quot;:&quot;classic&quot;}\">\n\t\t\t\t\t\t<div class=\"elementor-container elementor-column-gap-default\">\n\t\t\t\t\t<div class=\"elementor-column elementor-col-100 elementor-inner-column elementor-element elementor-element-210e293\" data-id=\"210e293\" data-element_type=\"column\" data-e-type=\"column\">\n\t\t\t<div class=\"elementor-widget-wrap elementor-element-populated\">\n\t\t\t\t\t\t<div class=\"elementor-element elementor-element-555d77a elementor-widget elementor-widget-heading\" data-id=\"555d77a\" data-element_type=\"widget\" data-e-type=\"widget\" data-widget_type=\"heading.default\">\n\t\t\t\t<div class=\"elementor-widget-container\">\n\t\t\t\t\t<h2 class=\"elementor-heading-title elementor-size-default\">Apply Here<\/h2>\t\t\t\t<\/div>\n\t\t\t\t<\/div>\n\t\t\t\t<div class=\"elementor-element elementor-element-8db321f elementor-widget elementor-widget-shortcode\" data-id=\"8db321f\" data-element_type=\"widget\" data-e-type=\"widget\" data-widget_type=\"shortcode.default\">\n\t\t\t\t<div class=\"elementor-widget-container\">\n\t\t\t\t\t\t\t<div class=\"elementor-shortcode\">\n<div class=\"wpcf7 no-js\" id=\"wpcf7-f2187-o1\" lang=\"en-US\" dir=\"ltr\" data-wpcf7-id=\"2187\">\n<div class=\"screen-reader-response\"><p role=\"status\" aria-live=\"polite\" aria-atomic=\"true\"><\/p> <ul><\/ul><\/div>\n<form action=\"\/en\/wp-json\/wp\/v2\/pages\/2102#wpcf7-f2187-o1\" method=\"post\" class=\"wpcf7-form init\" aria-label=\"Contact form\" enctype=\"multipart\/form-data\" novalidate=\"novalidate\" data-status=\"init\" data-trp-original-action=\"\/en\/wp-json\/wp\/v2\/pages\/2102#wpcf7-f2187-o1\">\n<fieldset class=\"hidden-fields-container\"><input type=\"hidden\" name=\"_wpcf7\" value=\"2187\" \/><input type=\"hidden\" name=\"_wpcf7_version\" value=\"6.1.5\" \/><input type=\"hidden\" name=\"_wpcf7_locale\" value=\"en_US\" \/><input type=\"hidden\" name=\"_wpcf7_unit_tag\" value=\"wpcf7-f2187-o1\" \/><input type=\"hidden\" name=\"_wpcf7_container_post\" value=\"0\" \/><input type=\"hidden\" name=\"_wpcf7_posted_data_hash\" value=\"\" \/>\n<\/fieldset>\n<div class=\"contact-form-2\">\n    <div class=\"item 1\">\n        <label for=\"name\">Name<span>*<\/span><\/label>\n        <span class=\"wpcf7-form-control-wrap\" data-name=\"text-505\"><input size=\"40\" maxlength=\"400\" class=\"wpcf7-form-control wpcf7-text wpcf7-validates-as-required\" aria-required=\"true\" aria-invalid=\"false\" placeholder=\"Name\" value=\"\" type=\"text\" name=\"text-505\" \/><\/span>\n    <\/div>\n\n    <div class=\"item2\">\n        <label for=\"name\">Phone<span>*<\/span><\/label>\n        <span class=\"wpcf7-form-control-wrap\" data-name=\"tel-560\"><input size=\"40\" maxlength=\"400\" class=\"wpcf7-form-control wpcf7-tel wpcf7-validates-as-required wpcf7-text wpcf7-validates-as-tel\" aria-required=\"true\" aria-invalid=\"false\" placeholder=\"Phone\" value=\"\" type=\"tel\" name=\"tel-560\" \/><\/span>\n    <\/div>\n\n    <div class=\"item3\">\n        <label for=\"name\">E-mail<span>*<\/span><\/label>\n        <span class=\"wpcf7-form-control-wrap\" data-name=\"email-789\"><input size=\"40\" maxlength=\"400\" class=\"wpcf7-form-control wpcf7-email wpcf7-validates-as-required wpcf7-text wpcf7-validates-as-email\" aria-required=\"true\" aria-invalid=\"false\" placeholder=\"E-mail\" value=\"\" type=\"email\" name=\"email-789\" \/><\/span>\n    <\/div>\n    <div class=\"item 6\">\n        <label for=\"name\">CV<span>*<\/span><\/label>\n        <span class=\"wpcf7-form-control-wrap\" data-name=\"cv\"><input size=\"40\" class=\"wpcf7-form-control wpcf7-file wpcf7-validates-as-required\" id=\"cv\" accept=\".pdf\" aria-required=\"true\" aria-invalid=\"false\" type=\"file\" name=\"cv\" \/><\/span>\n    <\/div>\n \n    <div class=\"item5\">\n        <label for=\"name\">Message<span>*<\/span><\/label>\n        <span class=\"wpcf7-form-control-wrap\" data-name=\"textarea-986\"><textarea cols=\"40\" rows=\"10\" maxlength=\"2000\" class=\"wpcf7-form-control wpcf7-textarea wpcf7-validates-as-required\" aria-required=\"true\" aria-invalid=\"false\" placeholder=\"Message\" name=\"textarea-986\"><\/textarea><\/span>\n    <\/div>\n    <div class=\"item6\">\n        <label for=\"name\">Position being applied for<span>*<\/span><\/label>\n        <span class=\"wpcf7-form-control-wrap\" data-name=\"text-506\"><input size=\"40\" maxlength=\"400\" class=\"wpcf7-form-control wpcf7-text wpcf7-validates-as-required\" aria-required=\"true\" aria-invalid=\"false\" placeholder=\"Position\" value=\"\" type=\"text\" name=\"text-506\" \/><\/span>\n    <\/div>\n\n    <div class=\"btn-wrap item7\">\n        <button type=\"submit\" aria-label=\"contact form\" class=\"txa-pr-btn-5\">\n            <span class=\"text\">\n                Send\n            <\/span>\n            <span class=\"icon\">\n                <i class=\"fa-solid fa-right-long\"><\/i>\n            <\/span>\n        <\/button>\n    <\/div>\n<\/div><div class=\"wpcf7-response-output\" aria-hidden=\"true\"><\/div>\n<input type=\"hidden\" name=\"trp-form-language\" value=\"en\"\/><\/form>\n<\/div>\n<\/div>\n\t\t\t\t\t\t<\/div>\n\t\t\t\t<\/div>\n\t\t\t\t\t<\/div>\n\t\t<\/div>\n\t\t\t\t\t<\/div>\n\t\t<\/section>\n\t\t\t\t\t<\/div>\n\t\t<\/div>\n\t\t\t\t\t<\/div>\n\t\t<\/section>\n\t\t\t\t\t<\/div>\n\t\t<\/div>\n\t\t\t\t\t<\/div>\n\t\t<\/section>\n\t\t\t\t<\/div>","protected":false},"excerpt":{"rendered":"<p>Bolsa de Trabajo en Evolution Consulting Group \u00a1\u00danete a Nuestro Equipo! Explora las oportunidades de crecimiento profesional en un ambiente din\u00e1mico y colaborativo. Si tienes inter\u00e9s en sumarte a nuestro equipo, env\u00edanos tus datos y da el primer paso hacia una carrera prometedora con nosotros. Post\u00falate Aqu\u00ed<\/p>","protected":false},"author":1,"featured_media":0,"parent":0,"menu_order":0,"comment_status":"closed","ping_status":"closed","template":"","meta":{"footnotes":""},"class_list":["post-2102","page","type-page","status-publish","hentry"],"yoast_head":"<!-- This site is optimized with the Yoast SEO Premium plugin v23.7 (Yoast SEO v27.4) - https:\/\/yoast.com\/product\/yoast-seo-premium-wordpress\/ -->\n<title>BOLSA DE TRABAJO - Evolution CG<\/title>\n<meta name=\"robots\" content=\"index, follow, max-snippet:-1, max-image-preview:large, max-video-preview:-1\" \/>\n<link rel=\"canonical\" href=\"https:\/\/evolutioncg.net\/en\/bolsa-de-trabajo\/\" \/>\n<meta property=\"og:locale\" content=\"en_US\" \/>\n<meta property=\"og:type\" content=\"article\" \/>\n<meta property=\"og:title\" content=\"BOLSA DE TRABAJO\" \/>\n<meta property=\"og:description\" content=\"Bolsa de Trabajo en Evolution Consulting Group \u00a1\u00danete a Nuestro Equipo! Explora las oportunidades de crecimiento profesional en un ambiente din\u00e1mico y colaborativo. Si tienes inter\u00e9s en sumarte a nuestro equipo, env\u00edanos tus datos y da el primer paso hacia una carrera prometedora con nosotros. Post\u00falate Aqu\u00ed\" \/>\n<meta property=\"og:url\" content=\"https:\/\/evolutioncg.net\/en\/bolsa-de-trabajo\/\" \/>\n<meta property=\"og:site_name\" content=\"Evolution CG\" \/>\n<meta property=\"article:modified_time\" content=\"2024-11-11T21:21:43+00:00\" \/>\n<meta property=\"og:image\" content=\"https:\/\/evolutioncg.net\/wp-content\/uploads\/2024\/01\/subtitle-3-icon.webp\" \/>\n<meta name=\"twitter:card\" content=\"summary_large_image\" \/>\n<script type=\"application\/ld+json\" class=\"yoast-schema-graph\">{\"@context\":\"https:\\\/\\\/schema.org\",\"@graph\":[{\"@type\":\"WebPage\",\"@id\":\"https:\\\/\\\/evolutioncg.net\\\/bolsa-de-trabajo\\\/\",\"url\":\"https:\\\/\\\/evolutioncg.net\\\/bolsa-de-trabajo\\\/\",\"name\":\"BOLSA DE TRABAJO - Evolution CG\",\"isPartOf\":{\"@id\":\"https:\\\/\\\/evolutioncg.net\\\/#website\"},\"primaryImageOfPage\":{\"@id\":\"https:\\\/\\\/evolutioncg.net\\\/bolsa-de-trabajo\\\/#primaryimage\"},\"image\":{\"@id\":\"https:\\\/\\\/evolutioncg.net\\\/bolsa-de-trabajo\\\/#primaryimage\"},\"thumbnailUrl\":\"https:\\\/\\\/evolutioncg.net\\\/wp-content\\\/uploads\\\/2024\\\/01\\\/subtitle-3-icon.webp\",\"datePublished\":\"2024-10-29T16:28:04+00:00\",\"dateModified\":\"2024-11-11T21:21:43+00:00\",\"breadcrumb\":{\"@id\":\"https:\\\/\\\/evolutioncg.net\\\/bolsa-de-trabajo\\\/#breadcrumb\"},\"inLanguage\":\"en-US\",\"potentialAction\":[{\"@type\":\"ReadAction\",\"target\":[\"https:\\\/\\\/evolutioncg.net\\\/bolsa-de-trabajo\\\/\"]}]},{\"@type\":\"ImageObject\",\"inLanguage\":\"en-US\",\"@id\":\"https:\\\/\\\/evolutioncg.net\\\/bolsa-de-trabajo\\\/#primaryimage\",\"url\":\"https:\\\/\\\/evolutioncg.net\\\/wp-content\\\/uploads\\\/2024\\\/01\\\/subtitle-3-icon.webp\",\"contentUrl\":\"https:\\\/\\\/evolutioncg.net\\\/wp-content\\\/uploads\\\/2024\\\/01\\\/subtitle-3-icon.webp\"},{\"@type\":\"BreadcrumbList\",\"@id\":\"https:\\\/\\\/evolutioncg.net\\\/bolsa-de-trabajo\\\/#breadcrumb\",\"itemListElement\":[{\"@type\":\"ListItem\",\"position\":1,\"name\":\"Home\",\"item\":\"https:\\\/\\\/evolutioncg.net\\\/\"},{\"@type\":\"ListItem\",\"position\":2,\"name\":\"BOLSA DE TRABAJO\"}]},{\"@type\":\"WebSite\",\"@id\":\"https:\\\/\\\/evolutioncg.net\\\/#website\",\"url\":\"https:\\\/\\\/evolutioncg.net\\\/\",\"name\":\"Evolution CG\",\"description\":\"\",\"potentialAction\":[{\"@type\":\"SearchAction\",\"target\":{\"@type\":\"EntryPoint\",\"urlTemplate\":\"https:\\\/\\\/evolutioncg.net\\\/?s={search_term_string}\"},\"query-input\":{\"@type\":\"PropertyValueSpecification\",\"valueRequired\":true,\"valueName\":\"search_term_string\"}}],\"inLanguage\":\"en-US\"}]}<\/script>\n<!-- \/ Yoast SEO Premium plugin. -->","yoast_head_json":{"title":"BOLSA DE TRABAJO - Evolution CG","robots":{"index":"index","follow":"follow","max-snippet":"max-snippet:-1","max-image-preview":"max-image-preview:large","max-video-preview":"max-video-preview:-1"},"canonical":"https:\/\/evolutioncg.net\/en\/bolsa-de-trabajo\/","og_locale":"en_US","og_type":"article","og_title":"BOLSA DE TRABAJO","og_description":"Bolsa de Trabajo en Evolution Consulting Group \u00a1\u00danete a Nuestro Equipo! Explora las oportunidades de crecimiento profesional en un ambiente din\u00e1mico y colaborativo. Si tienes inter\u00e9s en sumarte a nuestro equipo, env\u00edanos tus datos y da el primer paso hacia una carrera prometedora con nosotros. Post\u00falate Aqu\u00ed","og_url":"https:\/\/evolutioncg.net\/en\/bolsa-de-trabajo\/","og_site_name":"Evolution CG","article_modified_time":"2024-11-11T21:21:43+00:00","og_image":[{"url":"https:\/\/evolutioncg.net\/wp-content\/uploads\/2024\/01\/subtitle-3-icon.webp","type":"","width":"","height":""}],"twitter_card":"summary_large_image","schema":{"@context":"https:\/\/schema.org","@graph":[{"@type":"WebPage","@id":"https:\/\/evolutioncg.net\/bolsa-de-trabajo\/","url":"https:\/\/evolutioncg.net\/bolsa-de-trabajo\/","name":"BOLSA DE TRABAJO - Evolution CG","isPartOf":{"@id":"https:\/\/evolutioncg.net\/#website"},"primaryImageOfPage":{"@id":"https:\/\/evolutioncg.net\/bolsa-de-trabajo\/#primaryimage"},"image":{"@id":"https:\/\/evolutioncg.net\/bolsa-de-trabajo\/#primaryimage"},"thumbnailUrl":"https:\/\/evolutioncg.net\/wp-content\/uploads\/2024\/01\/subtitle-3-icon.webp","datePublished":"2024-10-29T16:28:04+00:00","dateModified":"2024-11-11T21:21:43+00:00","breadcrumb":{"@id":"https:\/\/evolutioncg.net\/bolsa-de-trabajo\/#breadcrumb"},"inLanguage":"en-US","potentialAction":[{"@type":"ReadAction","target":["https:\/\/evolutioncg.net\/bolsa-de-trabajo\/"]}]},{"@type":"ImageObject","inLanguage":"en-US","@id":"https:\/\/evolutioncg.net\/bolsa-de-trabajo\/#primaryimage","url":"https:\/\/evolutioncg.net\/wp-content\/uploads\/2024\/01\/subtitle-3-icon.webp","contentUrl":"https:\/\/evolutioncg.net\/wp-content\/uploads\/2024\/01\/subtitle-3-icon.webp"},{"@type":"BreadcrumbList","@id":"https:\/\/evolutioncg.net\/bolsa-de-trabajo\/#breadcrumb","itemListElement":[{"@type":"ListItem","position":1,"name":"Home","item":"https:\/\/evolutioncg.net\/"},{"@type":"ListItem","position":2,"name":"BOLSA DE TRABAJO"}]},{"@type":"WebSite","@id":"https:\/\/evolutioncg.net\/#website","url":"https:\/\/evolutioncg.net\/","name":"Evolution CG","description":"","potentialAction":[{"@type":"SearchAction","target":{"@type":"EntryPoint","urlTemplate":"https:\/\/evolutioncg.net\/?s={search_term_string}"},"query-input":{"@type":"PropertyValueSpecification","valueRequired":true,"valueName":"search_term_string"}}],"inLanguage":"en-US"}]}},"_links":{"self":[{"href":"https:\/\/evolutioncg.net\/en\/wp-json\/wp\/v2\/pages\/2102","targetHints":{"allow":["GET"]}}],"collection":[{"href":"https:\/\/evolutioncg.net\/en\/wp-json\/wp\/v2\/pages"}],"about":[{"href":"https:\/\/evolutioncg.net\/en\/wp-json\/wp\/v2\/types\/page"}],"author":[{"embeddable":true,"href":"https:\/\/evolutioncg.net\/en\/wp-json\/wp\/v2\/users\/1"}],"replies":[{"embeddable":true,"href":"https:\/\/evolutioncg.net\/en\/wp-json\/wp\/v2\/comments?post=2102"}],"version-history":[{"count":6,"href":"https:\/\/evolutioncg.net\/en\/wp-json\/wp\/v2\/pages\/2102\/revisions"}],"predecessor-version":[{"id":2191,"href":"https:\/\/evolutioncg.net\/en\/wp-json\/wp\/v2\/pages\/2102\/revisions\/2191"}],"wp:attachment":[{"href":"https:\/\/evolutioncg.net\/en\/wp-json\/wp\/v2\/media?parent=2102"}],"curies":[{"name":"wp","href":"https:\/\/api.w.org\/{rel}","templated":true}]}}