{"id":20,"date":"2024-01-17T06:37:12","date_gmt":"2024-01-17T06:37:12","guid":{"rendered":"https:\/\/themexriver.com\/wp\/buscon\/?page_id=20"},"modified":"2024-11-11T21:25:40","modified_gmt":"2024-11-11T21:25:40","slug":"contact","status":"publish","type":"page","link":"https:\/\/evolutioncg.net\/en\/contact\/","title":{"rendered":"CONTACT"},"content":{"rendered":"<div data-elementor-type=\"wp-page\" data-elementor-id=\"20\" class=\"elementor elementor-20\" data-elementor-post-type=\"page\">\n\t\t\t\t\t\t<section class=\"elementor-section elementor-top-section elementor-element elementor-element-cc9d5a4 elementor-section-full_width fix elementor-section-height-default elementor-section-height-default\" data-id=\"cc9d5a4\" data-element_type=\"section\" data-settings=\"{&quot;background_background&quot;:&quot;classic&quot;}\">\n\t\t\t\t\t\t<div class=\"elementor-container elementor-column-gap-default\">\n\t\t\t\t\t<div class=\"elementor-column elementor-col-100 elementor-top-column elementor-element elementor-element-422c160\" data-id=\"422c160\" data-element_type=\"column\">\n\t\t\t<div class=\"elementor-widget-wrap elementor-element-populated\">\n\t\t\t\t\t\t<section class=\"elementor-section elementor-inner-section elementor-element elementor-element-bbb6986 elementor-section-boxed elementor-section-height-default elementor-section-height-default\" data-id=\"bbb6986\" data-element_type=\"section\">\n\t\t\t\t\t\t<div class=\"elementor-container elementor-column-gap-default\">\n\t\t\t\t\t<div class=\"elementor-column elementor-col-100 elementor-inner-column elementor-element elementor-element-21b093b\" data-id=\"21b093b\" data-element_type=\"column\">\n\t\t\t<div class=\"elementor-widget-wrap elementor-element-populated\">\n\t\t\t\t\t\t<div class=\"elementor-element elementor-element-c5e212b elementor-widget elementor-widget-tx_heading elh-el tx_heading\" data-id=\"c5e212b\" data-element_type=\"widget\" data-settings=\"{&quot;design_style&quot;:&quot;style_3&quot;}\" data-widget_type=\"tx_heading.default\">\n\t\t\t\t<div class=\"elementor-widget-container\">\n\t\t\t\t\t<div class=\"txa-section-title-wrap text-center\">\r\n        <h6 class=\"txa-subtitle-4 tx-subTitle wow fadeInDown isShape\">\r\n                                    <img decoding=\"async\" src=\"https:\/\/evolutioncg.net\/wp-content\/uploads\/2024\/01\/subtitle-3-icon.webp\" alt=\"\">\r\n                            Contact    <\/h6>\r\n        <h2 class=\"tx-title txa-title-1 txa-split-text chy-split-in-right\">Interested in our services?<br> Get in touch with us! <\/h2>    <\/div>\t\t\t\t<\/div>\n\t\t\t\t<\/div>\n\t\t\t\t<div class=\"elementor-element elementor-element-bbcd2a4 elementor-widget elementor-widget-text-editor\" data-id=\"bbcd2a4\" data-element_type=\"widget\" data-widget_type=\"text-editor.default\">\n\t\t\t\t<div class=\"elementor-widget-container\">\n\t\t\t\t\t\t\t\t\t<p>We are here to help you optimize your business. Complete the form or contact us directly at our offices in Guatemala and Mexico.<\/p>\t\t\t\t\t\t\t\t<\/div>\n\t\t\t\t<\/div>\n\t\t\t\t\t<\/div>\n\t\t<\/div>\n\t\t\t\t\t<\/div>\n\t\t<\/section>\n\t\t\t\t<section class=\"elementor-section elementor-inner-section elementor-element elementor-element-18a801f elementor-section-boxed elementor-section-height-default elementor-section-height-default\" data-id=\"18a801f\" data-element_type=\"section\" data-settings=\"{&quot;background_background&quot;:&quot;classic&quot;}\">\n\t\t\t\t\t\t<div class=\"elementor-container elementor-column-gap-default\">\n\t\t\t\t\t<div class=\"elementor-column elementor-col-50 elementor-inner-column elementor-element elementor-element-d52c621\" data-id=\"d52c621\" data-element_type=\"column\">\n\t\t\t<div class=\"elementor-widget-wrap elementor-element-populated\">\n\t\t\t\t\t\t<section class=\"elementor-section elementor-inner-section elementor-element elementor-element-207fe3d elementor-section-boxed elementor-section-height-default elementor-section-height-default\" data-id=\"207fe3d\" data-element_type=\"section\" data-settings=\"{&quot;background_background&quot;:&quot;classic&quot;}\">\n\t\t\t\t\t\t<div class=\"elementor-container elementor-column-gap-default\">\n\t\t\t\t\t<div class=\"elementor-column elementor-col-100 elementor-inner-column elementor-element elementor-element-be86a49\" data-id=\"be86a49\" data-element_type=\"column\">\n\t\t\t<div class=\"elementor-widget-wrap elementor-element-populated\">\n\t\t\t\t\t\t<div class=\"elementor-element elementor-element-ab5f226 elementor-widget elementor-widget-heading\" data-id=\"ab5f226\" data-element_type=\"widget\" data-widget_type=\"heading.default\">\n\t\t\t\t<div class=\"elementor-widget-container\">\n\t\t\t\t\t<h2 class=\"elementor-heading-title elementor-size-default\">Contact us<\/h2>\t\t\t\t<\/div>\n\t\t\t\t<\/div>\n\t\t\t\t<div class=\"elementor-element elementor-element-b452d34 elementor-widget elementor-widget-shortcode\" data-id=\"b452d34\" data-element_type=\"widget\" data-widget_type=\"shortcode.default\">\n\t\t\t\t<div class=\"elementor-widget-container\">\n\t\t\t\t\t\t\t<div class=\"elementor-shortcode\">\n<div class=\"wpcf7 no-js\" id=\"wpcf7-f1666-o1\" lang=\"en-US\" dir=\"ltr\" data-wpcf7-id=\"1666\">\n<div class=\"screen-reader-response\"><p role=\"status\" aria-live=\"polite\" aria-atomic=\"true\"><\/p> <ul><\/ul><\/div>\n<form action=\"\/en\/wp-json\/wp\/v2\/pages\/20#wpcf7-f1666-o1\" method=\"post\" class=\"wpcf7-form init\" aria-label=\"Contact form\" novalidate=\"novalidate\" data-status=\"init\" data-trp-original-action=\"\/en\/wp-json\/wp\/v2\/pages\/20#wpcf7-f1666-o1\">\n<div style=\"display: none;\">\n<input type=\"hidden\" name=\"_wpcf7\" value=\"1666\" \/>\n<input type=\"hidden\" name=\"_wpcf7_version\" value=\"6.0.6\" \/>\n<input type=\"hidden\" name=\"_wpcf7_locale\" value=\"en_US\" \/>\n<input type=\"hidden\" name=\"_wpcf7_unit_tag\" value=\"wpcf7-f1666-o1\" \/>\n<input type=\"hidden\" name=\"_wpcf7_container_post\" value=\"0\" \/>\n<input type=\"hidden\" name=\"_wpcf7_posted_data_hash\" value=\"\" \/>\n<\/div>\n<div class=\"contact-form-2\">\n    <div class=\"item 1\">\n        <label for=\"name\">Name<span>*<\/span><\/label>\n        <span class=\"wpcf7-form-control-wrap\" data-name=\"text-505\"><input size=\"40\" maxlength=\"400\" class=\"wpcf7-form-control wpcf7-text wpcf7-validates-as-required\" aria-required=\"true\" aria-invalid=\"false\" placeholder=\"Name\" value=\"\" type=\"text\" name=\"text-505\" \/><\/span>\n    <\/div>\n\n    <div class=\"item2\">\n        <label for=\"name\">Phone<span>*<\/span><\/label>\n        <span class=\"wpcf7-form-control-wrap\" data-name=\"tel-560\"><input size=\"40\" maxlength=\"400\" class=\"wpcf7-form-control wpcf7-tel wpcf7-validates-as-required wpcf7-text wpcf7-validates-as-tel\" aria-required=\"true\" aria-invalid=\"false\" placeholder=\"Phone\" value=\"\" type=\"tel\" name=\"tel-560\" \/><\/span>\n    <\/div>\n\n    <div class=\"item3\">\n        <label for=\"name\">E-mail<span>*<\/span><\/label>\n        <span class=\"wpcf7-form-control-wrap\" data-name=\"email-789\"><input size=\"40\" maxlength=\"400\" class=\"wpcf7-form-control wpcf7-email wpcf7-validates-as-required wpcf7-text wpcf7-validates-as-email\" aria-required=\"true\" aria-invalid=\"false\" placeholder=\"E-mail\" value=\"\" type=\"email\" name=\"email-789\" \/><\/span>\n    <\/div>\n    <div class=\"item 6\">\n        <label for=\"name\">Company<span>*<\/span><\/label>\n        <span class=\"wpcf7-form-control-wrap\" data-name=\"text-506\"><input size=\"40\" maxlength=\"400\" class=\"wpcf7-form-control wpcf7-text wpcf7-validates-as-required\" aria-required=\"true\" aria-invalid=\"false\" placeholder=\"Company\" value=\"\" type=\"text\" name=\"text-506\" \/><\/span>\n    <\/div>\n\n  \n    <div class=\"item5\">\n        <label for=\"name\">Message<span>*<\/span><\/label>\n        <span class=\"wpcf7-form-control-wrap\" data-name=\"textarea-986\"><textarea cols=\"40\" rows=\"10\" maxlength=\"2000\" class=\"wpcf7-form-control wpcf7-textarea wpcf7-validates-as-required\" aria-required=\"true\" aria-invalid=\"false\" placeholder=\"Message\" name=\"textarea-986\"><\/textarea><\/span>\n    <\/div>\n\n    <div class=\"btn-wrap item6\">\n        <button type=\"submit\" aria-label=\"contact form\" class=\"txa-pr-btn-5\">\n            <span class=\"text\">\n                Send\n            <\/span>\n            <span class=\"icon\">\n                <i class=\"fa-solid fa-right-long\"><\/i>\n            <\/span>\n        <\/button>\n    <\/div>\n<\/div><div class=\"wpcf7-response-output\" aria-hidden=\"true\"><\/div>\n<input type=\"hidden\" name=\"trp-form-language\" value=\"en\"\/><\/form>\n<\/div>\n<\/div>\n\t\t\t\t\t\t<\/div>\n\t\t\t\t<\/div>\n\t\t\t\t\t<\/div>\n\t\t<\/div>\n\t\t\t\t\t<\/div>\n\t\t<\/section>\n\t\t\t\t\t<\/div>\n\t\t<\/div>\n\t\t\t\t<div class=\"elementor-column elementor-col-50 elementor-inner-column elementor-element elementor-element-9a2d710\" data-id=\"9a2d710\" data-element_type=\"column\">\n\t\t\t<div class=\"elementor-widget-wrap elementor-element-populated\">\n\t\t\t\t\t\t<div class=\"elementor-element elementor-element-e04ba58 elementor-widget__width-initial elementor-widget elementor-widget-heading\" data-id=\"e04ba58\" data-element_type=\"widget\" data-widget_type=\"heading.default\">\n\t\t\t\t<div class=\"elementor-widget-container\">\n\t\t\t\t\t<h2 class=\"elementor-heading-title elementor-size-default\">Address and Phone Numbers of Our Offices<\/h2>\t\t\t\t<\/div>\n\t\t\t\t<\/div>\n\t\t\t\t<div class=\"elementor-element elementor-element-9b79fcf elementor-widget__width-initial elementor-widget elementor-widget-text-editor\" data-id=\"9b79fcf\" data-element_type=\"widget\" data-widget_type=\"text-editor.default\">\n\t\t\t\t<div class=\"elementor-widget-container\">\n\t\t\t\t\t\t\t\t\t<p><strong>Guatemala<\/strong><br \/>Guatemala office 20 Av. \u201cA\u201d 0-05, Zona 15 Vista Hermosa II, Ciudad de Guatemala<br \/>\ud83d\udcde Telephone: (+502) 2365 6636<\/p><p><strong>M\u00e9xico<\/strong><br \/>M\u00e9xico Office Cto. Circunvalaci\u00f3n Ote. No. 10 Cd, Sat\u00e9lite, Naucalpan de Ju\u00e1rez, Edomex WTC Mexiquense<br \/>\ud83d\udcde Telephone: (+52) 55 41458785<\/p><p><strong>Email: <\/strong><a href=\"mailto:info@evolutioncg.net\">info@evolutioncg.ne<\/a>t<\/p>\t\t\t\t\t\t\t\t<\/div>\n\t\t\t\t<\/div>\n\t\t\t\t<div class=\"elementor-element elementor-element-ba5b7f1 elementor-widget__width-initial elementor-widget elementor-widget-google_maps\" data-id=\"ba5b7f1\" data-element_type=\"widget\" data-widget_type=\"google_maps.default\">\n\t\t\t\t<div class=\"elementor-widget-container\">\n\t\t\t\t\t\t\t<div class=\"elementor-custom-embed\">\n\t\t\t<iframe loading=\"lazy\"\n\t\t\t\t\tsrc=\"https:\/\/maps.google.com\/maps?q=Oficinas%20en%20Guatemala%3A%2020%20Av.%20%E2%80%9CA%E2%80%9D%200-05%2C%20Zona%2015%20Vista%20Hermosa%20II%2C%20Ciudad%20de%20Guatemala&#038;t=m&#038;z=13&#038;output=embed&#038;iwloc=near\"\n\t\t\t\t\ttitle=\"Oficinas en Guatemala: 20 Av. \u201cA\u201d 0-05, Zona 15 Vista Hermosa II, Ciudad de Guatemala\"\n\t\t\t\t\taria-label=\"Oficinas en Guatemala: 20 Av. \u201cA\u201d 0-05, Zona 15 Vista Hermosa II, Ciudad de Guatemala\"\n\t\t\t><\/iframe>\n\t\t<\/div>\n\t\t\t\t\t\t<\/div>\n\t\t\t\t<\/div>\n\t\t\t\t\t<\/div>\n\t\t<\/div>\n\t\t\t\t\t<\/div>\n\t\t<\/section>\n\t\t\t\t\t<\/div>\n\t\t<\/div>\n\t\t\t\t\t<\/div>\n\t\t<\/section>\n\t\t\t\t<\/div>","protected":false},"excerpt":{"rendered":"<p>Contacto \u00bfInteresado en nuestros servicios? \u00a1Ponte en contacto con nosotros! Estamos aqu\u00ed para ayudarte a optimizar tu negocio. Completa el formulario o cont\u00e1ctanos directamente en nuestras oficinas en Guatemala y M\u00e9xico. Cont\u00e1ctanos Direcci\u00f3n y Tel\u00e9fonos de Nuestras Oficinas Guatemala\ud83d\udccd Oficinas en Guatemala: 20 Av. \u201cA\u201d 0-05, Zona 15 Vista Hermosa II, Ciudad de Guatemala\ud83d\udcde Tel\u00e9fono: [&hellip;]<\/p>","protected":false},"author":1,"featured_media":0,"parent":0,"menu_order":0,"comment_status":"closed","ping_status":"closed","template":"elementor_header_footer","meta":{"footnotes":""},"class_list":["post-20","page","type-page","status-publish","hentry"],"yoast_head":"<!-- This site is optimized with the Yoast SEO Premium plugin v23.7 (Yoast SEO v24.7) - https:\/\/yoast.com\/wordpress\/plugins\/seo\/ -->\n<title>CONTACTO - Evolution CG<\/title>\n<meta name=\"robots\" content=\"index, follow, max-snippet:-1, max-image-preview:large, max-video-preview:-1\" \/>\n<link rel=\"canonical\" href=\"https:\/\/evolutioncg.net\/en\/contact\/\" \/>\n<meta property=\"og:locale\" content=\"en_US\" \/>\n<meta property=\"og:type\" content=\"article\" \/>\n<meta property=\"og:title\" content=\"CONTACTO\" \/>\n<meta property=\"og:description\" content=\"Contacto \u00bfInteresado en nuestros servicios? \u00a1Ponte en contacto con nosotros! Estamos aqu\u00ed para ayudarte a optimizar tu negocio. Completa el formulario o cont\u00e1ctanos directamente en nuestras oficinas en Guatemala y M\u00e9xico. Cont\u00e1ctanos Direcci\u00f3n y Tel\u00e9fonos de Nuestras Oficinas Guatemala\ud83d\udccd Oficinas en Guatemala: 20 Av. \u201cA\u201d 0-05, Zona 15 Vista Hermosa II, Ciudad de Guatemala\ud83d\udcde Tel\u00e9fono: [&hellip;]\" \/>\n<meta property=\"og:url\" content=\"https:\/\/evolutioncg.net\/en\/contact\/\" \/>\n<meta property=\"og:site_name\" content=\"Evolution CG\" \/>\n<meta property=\"article:modified_time\" content=\"2024-11-11T21:25:40+00:00\" \/>\n<meta property=\"og:image\" content=\"https:\/\/evolutioncg.net\/wp-content\/uploads\/2024\/01\/subtitle-3-icon.webp\" \/>\n<meta name=\"twitter:card\" content=\"summary_large_image\" \/>\n<script type=\"application\/ld+json\" class=\"yoast-schema-graph\">{\"@context\":\"https:\/\/schema.org\",\"@graph\":[{\"@type\":\"WebPage\",\"@id\":\"https:\/\/evolutioncg.net\/contact\/\",\"url\":\"https:\/\/evolutioncg.net\/contact\/\",\"name\":\"CONTACTO - Evolution CG\",\"isPartOf\":{\"@id\":\"https:\/\/evolutioncg.net\/#website\"},\"primaryImageOfPage\":{\"@id\":\"https:\/\/evolutioncg.net\/contact\/#primaryimage\"},\"image\":{\"@id\":\"https:\/\/evolutioncg.net\/contact\/#primaryimage\"},\"thumbnailUrl\":\"https:\/\/evolutioncg.net\/wp-content\/uploads\/2024\/01\/subtitle-3-icon.webp\",\"datePublished\":\"2024-01-17T06:37:12+00:00\",\"dateModified\":\"2024-11-11T21:25:40+00:00\",\"breadcrumb\":{\"@id\":\"https:\/\/evolutioncg.net\/contact\/#breadcrumb\"},\"inLanguage\":\"en-US\",\"potentialAction\":[{\"@type\":\"ReadAction\",\"target\":[\"https:\/\/evolutioncg.net\/contact\/\"]}]},{\"@type\":\"ImageObject\",\"inLanguage\":\"en-US\",\"@id\":\"https:\/\/evolutioncg.net\/contact\/#primaryimage\",\"url\":\"https:\/\/evolutioncg.net\/wp-content\/uploads\/2024\/01\/subtitle-3-icon.webp\",\"contentUrl\":\"https:\/\/evolutioncg.net\/wp-content\/uploads\/2024\/01\/subtitle-3-icon.webp\"},{\"@type\":\"BreadcrumbList\",\"@id\":\"https:\/\/evolutioncg.net\/contact\/#breadcrumb\",\"itemListElement\":[{\"@type\":\"ListItem\",\"position\":1,\"name\":\"Home\",\"item\":\"https:\/\/evolutioncg.net\/\"},{\"@type\":\"ListItem\",\"position\":2,\"name\":\"CONTACTO\"}]},{\"@type\":\"WebSite\",\"@id\":\"https:\/\/evolutioncg.net\/#website\",\"url\":\"https:\/\/evolutioncg.net\/\",\"name\":\"Evolution CG\",\"description\":\"\",\"potentialAction\":[{\"@type\":\"SearchAction\",\"target\":{\"@type\":\"EntryPoint\",\"urlTemplate\":\"https:\/\/evolutioncg.net\/?s={search_term_string}\"},\"query-input\":{\"@type\":\"PropertyValueSpecification\",\"valueRequired\":true,\"valueName\":\"search_term_string\"}}],\"inLanguage\":\"en-US\"}]}<\/script>\n<!-- \/ Yoast SEO Premium plugin. -->","yoast_head_json":{"title":"CONTACTO - Evolution CG","robots":{"index":"index","follow":"follow","max-snippet":"max-snippet:-1","max-image-preview":"max-image-preview:large","max-video-preview":"max-video-preview:-1"},"canonical":"https:\/\/evolutioncg.net\/en\/contact\/","og_locale":"en_US","og_type":"article","og_title":"CONTACTO","og_description":"Contacto \u00bfInteresado en nuestros servicios? \u00a1Ponte en contacto con nosotros! Estamos aqu\u00ed para ayudarte a optimizar tu negocio. Completa el formulario o cont\u00e1ctanos directamente en nuestras oficinas en Guatemala y M\u00e9xico. Cont\u00e1ctanos Direcci\u00f3n y Tel\u00e9fonos de Nuestras Oficinas Guatemala\ud83d\udccd Oficinas en Guatemala: 20 Av. \u201cA\u201d 0-05, Zona 15 Vista Hermosa II, Ciudad de Guatemala\ud83d\udcde Tel\u00e9fono: [&hellip;]","og_url":"https:\/\/evolutioncg.net\/en\/contact\/","og_site_name":"Evolution CG","article_modified_time":"2024-11-11T21:25:40+00:00","og_image":[{"url":"https:\/\/evolutioncg.net\/wp-content\/uploads\/2024\/01\/subtitle-3-icon.webp","type":"","width":"","height":""}],"twitter_card":"summary_large_image","schema":{"@context":"https:\/\/schema.org","@graph":[{"@type":"WebPage","@id":"https:\/\/evolutioncg.net\/contact\/","url":"https:\/\/evolutioncg.net\/contact\/","name":"CONTACTO - Evolution CG","isPartOf":{"@id":"https:\/\/evolutioncg.net\/#website"},"primaryImageOfPage":{"@id":"https:\/\/evolutioncg.net\/contact\/#primaryimage"},"image":{"@id":"https:\/\/evolutioncg.net\/contact\/#primaryimage"},"thumbnailUrl":"https:\/\/evolutioncg.net\/wp-content\/uploads\/2024\/01\/subtitle-3-icon.webp","datePublished":"2024-01-17T06:37:12+00:00","dateModified":"2024-11-11T21:25:40+00:00","breadcrumb":{"@id":"https:\/\/evolutioncg.net\/contact\/#breadcrumb"},"inLanguage":"en-US","potentialAction":[{"@type":"ReadAction","target":["https:\/\/evolutioncg.net\/contact\/"]}]},{"@type":"ImageObject","inLanguage":"en-US","@id":"https:\/\/evolutioncg.net\/contact\/#primaryimage","url":"https:\/\/evolutioncg.net\/wp-content\/uploads\/2024\/01\/subtitle-3-icon.webp","contentUrl":"https:\/\/evolutioncg.net\/wp-content\/uploads\/2024\/01\/subtitle-3-icon.webp"},{"@type":"BreadcrumbList","@id":"https:\/\/evolutioncg.net\/contact\/#breadcrumb","itemListElement":[{"@type":"ListItem","position":1,"name":"Home","item":"https:\/\/evolutioncg.net\/"},{"@type":"ListItem","position":2,"name":"CONTACTO"}]},{"@type":"WebSite","@id":"https:\/\/evolutioncg.net\/#website","url":"https:\/\/evolutioncg.net\/","name":"Evolution CG","description":"","potentialAction":[{"@type":"SearchAction","target":{"@type":"EntryPoint","urlTemplate":"https:\/\/evolutioncg.net\/?s={search_term_string}"},"query-input":{"@type":"PropertyValueSpecification","valueRequired":true,"valueName":"search_term_string"}}],"inLanguage":"en-US"}]}},"_links":{"self":[{"href":"https:\/\/evolutioncg.net\/en\/wp-json\/wp\/v2\/pages\/20","targetHints":{"allow":["GET"]}}],"collection":[{"href":"https:\/\/evolutioncg.net\/en\/wp-json\/wp\/v2\/pages"}],"about":[{"href":"https:\/\/evolutioncg.net\/en\/wp-json\/wp\/v2\/types\/page"}],"author":[{"embeddable":true,"href":"https:\/\/evolutioncg.net\/en\/wp-json\/wp\/v2\/users\/1"}],"replies":[{"embeddable":true,"href":"https:\/\/evolutioncg.net\/en\/wp-json\/wp\/v2\/comments?post=20"}],"version-history":[{"count":11,"href":"https:\/\/evolutioncg.net\/en\/wp-json\/wp\/v2\/pages\/20\/revisions"}],"predecessor-version":[{"id":2194,"href":"https:\/\/evolutioncg.net\/en\/wp-json\/wp\/v2\/pages\/20\/revisions\/2194"}],"wp:attachment":[{"href":"https:\/\/evolutioncg.net\/en\/wp-json\/wp\/v2\/media?parent=20"}],"curies":[{"name":"wp","href":"https:\/\/api.w.org\/{rel}","templated":true}]}}